{"id":762,"date":"2024-06-13T10:11:06","date_gmt":"2024-06-13T10:11:06","guid":{"rendered":"https:\/\/sugar-aesthetics.com\/services\/"},"modified":"2024-12-01T06:48:46","modified_gmt":"2024-12-01T06:48:46","slug":"services","status":"publish","type":"page","link":"https:\/\/sugar-aesthetics.com\/hu\/services\/","title":{"rendered":"Szolg\u00e1ltat\u00e1sok"},"content":{"rendered":"<div class=\"wp-block-uagb-container uagb-block-fa0fa481 alignfull uagb-is-root-container\"><div class=\"uagb-container-inner-blocks-wrap\"><\/div><\/div>\n\n\n\n<div class=\"wp-block-uagb-container uagb-block-2ebf56f7 alignfull uagb-is-root-container\"><div class=\"uagb-container-inner-blocks-wrap\">\n<div class=\"wp-block-uagb-advanced-heading uagb-block-c782775e\"><h6 class=\"uagb-heading-text\">N\u00c9ZZE MEG A<\/h6><\/div>\n\n\n\n<div class=\"wp-block-uagb-info-box uagb-block-e1750f1a uagb-infobox__content-wrap  uagb-infobox-icon-above-title uagb-infobox-image-valign-top\"><div class=\"uagb-ifb-content\"><div class=\"uagb-ifb-title-wrap\"><h2 class=\"uagb-ifb-title\">Szolg\u00e1ltat\u00e1sok<\/h2><\/div><\/div><\/div>\n\n\n\n<div class=\"wp-block-uagb-container uagb-block-063f4858\">\n<div class=\"wp-block-uagb-container uagb-block-6211ec15\">\n<div class=\"wp-block-uagb-image uagb-block-d5d72035 wp-block-uagb-image--layout-default wp-block-uagb-image--effect-static wp-block-uagb-image--align-none\"><figure class=\"wp-block-uagb-image__figure\"><img decoding=\"async\" srcset=\"https:\/\/sugar-aesthetics.com\/wp-content\/uploads\/2024\/07\/Untitled-1-1.jpg ,https:\/\/sugar-aesthetics.com\/wp-content\/uploads\/2024\/07\/Untitled-1-1.jpg 780w, https:\/\/sugar-aesthetics.com\/wp-content\/uploads\/2024\/07\/Untitled-1-1.jpg 360w\" sizes=\"(max-width: 480px) 150px\" src=\"https:\/\/sugar-aesthetics.com\/wp-content\/uploads\/2024\/07\/Untitled-1-1.jpg\" alt=\"\" class=\"uag-image-1799\" width=\"600\" height=\"681\" title=\"Untitled-1 (1)\" loading=\"lazy\" role=\"img\"\/><\/figure><\/div>\n<\/div>\n\n\n\n<div class=\"wp-block-uagb-container uagb-block-a7223a49\">\n<div class=\"wp-block-uagb-info-box uagb-block-bd8849a2 uagb-infobox__content-wrap  uagb-infobox-icon-above-title uagb-infobox-image-valign-top\"><div class=\"uagb-ifb-content\"><div class=\"uagb-ifb-title-wrap\"><h3 class=\"uagb-ifb-title\">B\u0151rfelt\u00f6lt\u0151 kezel\u00e9sek<\/h3><\/div><p class=\"uagb-ifb-desc\">\u00c9rjen el fiatalos, megfiatal\u00edtott megjelen\u00e9st b\u0151rfelt\u00f6lt\u0151 kezel\u00e9seinkkel. Sim\u00edtsa el a finom vonalakat, jav\u00edtsa az arc k\u00f6rvonalait, \u00e9s \u00e1ll\u00edtsa vissza a t\u00e9rfogatot a term\u00e9szetes, felfriss\u00fclt megjelen\u00e9s \u00e9rdek\u00e9ben. T\u00f6k\u00e9letes azok sz\u00e1m\u00e1ra, akik finom, m\u00e9gis hat\u00e9kony \u00e1talakul\u00e1sra v\u00e1gynak.<\/p><\/div><\/div>\n\n\n\n<div class=\"wp-block-uagb-info-box uagb-block-15e40a53 uagb-infobox__content-wrap  uagb-infobox-icon-above-title uagb-infobox-image-valign-top hide_hu\"><div class=\"uagb-ifb-content\"><div class=\"uagb-ifb-title-wrap\"><span class=\"uagb-ifb-title-prefix\">AK\u00c1R <strong>\u00a3120<\/strong><br><a href=\"https:\/\/websitedemos.net\/lotus-spa-02\/?brainstormforce=pTXyytedV9E9TFhT#\"><\/a><\/span><\/div><\/div><\/div>\n\n\n\n<div class=\"wp-block-uagb-buttons uagb-buttons__outer-wrap uagb-btn__default-btn uagb-btn-tablet__default-btn uagb-btn-mobile__default-btn uagb-block-17b53dc8\"><div class=\"uagb-buttons__wrap uagb-buttons-layout-wrap\">\n<div class=\"wp-block-uagb-buttons-child uagb-buttons__outer-wrap uagb-block-a77f0441 wp-block-button\"><div class=\"uagb-button__wrapper\"><a class=\"uagb-buttons-repeater wp-block-button__link\" aria-label=\"\" href=\"https:\/\/sugar-aesthetics.com\/hu\/dermal-filler-treatments\/\" rel=\"follow noopener\" target=\"_self\" role=\"button\"><div class=\"uagb-button__link\">R\u00e9szletek<\/div><span class=\"uagb-button__icon uagb-button__icon-position-after\"><svg xmlns=\"https:\/\/www.w3.org\/2000\/svg\" viewbox=\"0 0 512 512\" aria-hidden=\"true\" focussable=\"false\"><path d=\"M502.6 278.6l-128 128c-12.51 12.51-32.76 12.49-45.25 0c-12.5-12.5-12.5-32.75 0-45.25L402.8 288H32C14.31 288 0 273.7 0 255.1S14.31 224 32 224h370.8l-73.38-73.38c-12.5-12.5-12.5-32.75 0-45.25s32.75-12.5 45.25 0l128 128C515.1 245.9 515.1 266.1 502.6 278.6z\"><\/path><\/svg><\/span><\/a><\/div><\/div>\n<\/div><\/div>\n<\/div>\n<\/div>\n\n\n\n<div class=\"wp-block-uagb-container uagb-block-84204015\">\n<div class=\"wp-block-uagb-container uagb-block-f7fd79e5\">\n<div class=\"wp-block-uagb-info-box uagb-block-50d5df87 uagb-infobox__content-wrap  uagb-infobox-icon-above-title uagb-infobox-image-valign-top\"><div class=\"uagb-ifb-content\"><div class=\"uagb-ifb-title-wrap\"><h3 class=\"uagb-ifb-title\">R\u00e1nctalan\u00edt\u00f3 injekci\u00f3k<\/h3><\/div><p class=\"uagb-ifb-desc\">Cs\u00f6kkentse a finom vonalak \u00e9s r\u00e1ncok megjelen\u00e9s\u00e9t r\u00e1nctalan\u00edt\u00f3 injekci\u00f3inkkal. Ezek a kezel\u00e9sek sim\u00e1bb, fiatalosabb arcb\u0151rt eredm\u00e9nyeznek, seg\u00edtve \u00f6nbizalm\u00e1t \u00e9s meg\u00fajul\u00e1s\u00e1t. Ide\u00e1lis a friss, \u00e9l\u00e9nk megjelen\u00e9s fenntart\u00e1s\u00e1hoz.<\/p><\/div><\/div>\n\n\n\n<div class=\"wp-block-uagb-info-box uagb-block-3ad1fc4c uagb-infobox__content-wrap  uagb-infobox-icon-above-title uagb-infobox-image-valign-top hide_hu\"><div class=\"uagb-ifb-content\"><div class=\"uagb-ifb-title-wrap\"><span class=\"uagb-ifb-title-prefix\">AK\u00c1R <strong>\u00a3125<\/strong><br><a href=\"https:\/\/websitedemos.net\/lotus-spa-02\/?brainstormforce=pTXyytedV9E9TFhT#\"><\/a><\/span><\/div><\/div><\/div>\n\n\n\n<div class=\"wp-block-uagb-buttons uagb-buttons__outer-wrap uagb-btn__default-btn uagb-btn-tablet__default-btn uagb-btn-mobile__default-btn uagb-block-3aa9236b\"><div class=\"uagb-buttons__wrap uagb-buttons-layout-wrap\">\n<div class=\"wp-block-uagb-buttons-child uagb-buttons__outer-wrap uagb-block-4d99f2d5 wp-block-button\"><div class=\"uagb-button__wrapper\"><a class=\"uagb-buttons-repeater wp-block-button__link\" aria-label=\"\" href=\"https:\/\/sugar-aesthetics.com\/hu\/1839-2\/\" rel=\"follow noopener\" target=\"_self\" role=\"button\"><div class=\"uagb-button__link\">R\u00e9szletek<\/div><span class=\"uagb-button__icon uagb-button__icon-position-after\"><svg xmlns=\"https:\/\/www.w3.org\/2000\/svg\" viewbox=\"0 0 512 512\" aria-hidden=\"true\" focussable=\"false\"><path d=\"M502.6 278.6l-128 128c-12.51 12.51-32.76 12.49-45.25 0c-12.5-12.5-12.5-32.75 0-45.25L402.8 288H32C14.31 288 0 273.7 0 255.1S14.31 224 32 224h370.8l-73.38-73.38c-12.5-12.5-12.5-32.75 0-45.25s32.75-12.5 45.25 0l128 128C515.1 245.9 515.1 266.1 502.6 278.6z\"><\/path><\/svg><\/span><\/a><\/div><\/div>\n<\/div><\/div>\n<\/div>\n\n\n\n<div class=\"wp-block-uagb-container uagb-block-3f810465\">\n<div class=\"wp-block-uagb-image uagb-block-55123037 wp-block-uagb-image--layout-default wp-block-uagb-image--effect-static wp-block-uagb-image--align-none\"><figure class=\"wp-block-uagb-image__figure\"><img decoding=\"async\" srcset=\"https:\/\/sugar-aesthetics.com\/wp-content\/uploads\/2024\/07\/Untitled-1.jpg ,https:\/\/sugar-aesthetics.com\/wp-content\/uploads\/2024\/07\/Untitled-1.jpg 780w, https:\/\/sugar-aesthetics.com\/wp-content\/uploads\/2024\/07\/Untitled-1.jpg 360w\" sizes=\"(max-width: 480px) 150px\" src=\"https:\/\/sugar-aesthetics.com\/wp-content\/uploads\/2024\/07\/Untitled-1.jpg\" alt=\"\" class=\"uag-image-1797\" width=\"600\" height=\"600\" title=\"Untitled-1\" loading=\"lazy\" role=\"img\"\/><\/figure><\/div>\n<\/div>\n<\/div>\n\n\n\n<div class=\"wp-block-uagb-container uagb-block-e46a3d02\">\n<div class=\"wp-block-uagb-container uagb-block-6f82edc2\">\n<div class=\"wp-block-uagb-image uagb-block-2e97e91d wp-block-uagb-image--layout-default wp-block-uagb-image--effect-static wp-block-uagb-image--align-none\"><figure class=\"wp-block-uagb-image__figure\"><img decoding=\"async\" srcset=\"https:\/\/sugar-aesthetics.com\/wp-content\/uploads\/2024\/07\/Untitled-1-2.jpg ,https:\/\/sugar-aesthetics.com\/wp-content\/uploads\/2024\/07\/Untitled-1-2.jpg 780w, https:\/\/sugar-aesthetics.com\/wp-content\/uploads\/2024\/07\/Untitled-1-2.jpg 360w\" sizes=\"(max-width: 480px) 150px\" src=\"https:\/\/sugar-aesthetics.com\/wp-content\/uploads\/2024\/07\/Untitled-1-2.jpg\" alt=\"\" class=\"uag-image-1801\" width=\"600\" height=\"600\" title=\"Untitled-1 (2)\" loading=\"lazy\" role=\"img\"\/><\/figure><\/div>\n<\/div>\n\n\n\n<div class=\"wp-block-uagb-container uagb-block-9a2574bf\">\n<div class=\"wp-block-uagb-info-box uagb-block-a5846f53 uagb-infobox__content-wrap  uagb-infobox-icon-above-title uagb-infobox-image-valign-top\"><div class=\"uagb-ifb-content\"><div class=\"uagb-ifb-title-wrap\"><h3 class=\"uagb-ifb-title\"><strong>Vitamin injekci\u00f3k<\/strong><\/h3><\/div><p class=\"uagb-ifb-desc\">Fokozza energi\u00e1j\u00e1t, immunit\u00e1s\u00e1t \u00e9s \u00e1ltal\u00e1nos j\u00f3l\u00e9t\u00e9t vitamininjekci\u00f3inkkal. A term\u00e9szetes energi\u00e1t ad\u00f3 B12-vitamint\u00f3l az immunrendszer \u00e9s a hangulat t\u00e1mogat\u00e1s\u00e1ra szolg\u00e1l\u00f3 C- \u00e9s D-vitaminig minden egyes kezel\u00e9s el\u0151seg\u00edti a fokozott eg\u00e9szs\u00e9get \u00e9s vitalit\u00e1st. Tapasztalja meg a gyors \u00e9s hat\u00e9kony el\u0151ny\u00f6ket ezekkel az eg\u00e9szs\u00e9ges \u00e9letm\u00f3dhoz n\u00e9lk\u00fcl\u00f6zhetetlen l\u00f6k\u00e9sekkel.<\/p><\/div><\/div>\n\n\n\n<div class=\"wp-block-uagb-info-box uagb-block-8873dbe9 uagb-infobox__content-wrap  uagb-infobox-icon-above-title uagb-infobox-image-valign-top hide_hu\"><div class=\"uagb-ifb-content\"><div class=\"uagb-ifb-title-wrap\"><span class=\"uagb-ifb-title-prefix\">AK\u00c1R <strong>\u00a360<\/strong> <br><a href=\"https:\/\/websitedemos.net\/lotus-spa-02\/?brainstormforce=pTXyytedV9E9TFhT#\"><\/a><\/span><\/div><\/div><\/div>\n\n\n\n<div class=\"wp-block-uagb-buttons uagb-buttons__outer-wrap uagb-btn__default-btn uagb-btn-tablet__default-btn uagb-btn-mobile__default-btn uagb-block-e2734a26\"><div class=\"uagb-buttons__wrap uagb-buttons-layout-wrap\">\n<div class=\"wp-block-uagb-buttons-child uagb-buttons__outer-wrap uagb-block-3d6209e1 wp-block-button\"><div class=\"uagb-button__wrapper\"><a class=\"uagb-buttons-repeater wp-block-button__link\" aria-label=\"\" href=\"https:\/\/sugar-aesthetics.com\/hu\/vitamin-injections\/\" rel=\"follow noopener\" target=\"_self\" role=\"button\"><div class=\"uagb-button__link\">R\u00e9szletek<\/div><span class=\"uagb-button__icon uagb-button__icon-position-after\"><svg xmlns=\"https:\/\/www.w3.org\/2000\/svg\" viewbox=\"0 0 512 512\" aria-hidden=\"true\" focussable=\"false\"><path d=\"M502.6 278.6l-128 128c-12.51 12.51-32.76 12.49-45.25 0c-12.5-12.5-12.5-32.75 0-45.25L402.8 288H32C14.31 288 0 273.7 0 255.1S14.31 224 32 224h370.8l-73.38-73.38c-12.5-12.5-12.5-32.75 0-45.25s32.75-12.5 45.25 0l128 128C515.1 245.9 515.1 266.1 502.6 278.6z\"><\/path><\/svg><\/span><\/a><\/div><\/div>\n<\/div><\/div>\n<\/div>\n<\/div>\n\n\n\n<div class=\"wp-block-uagb-container uagb-block-63bae261\">\n<div class=\"wp-block-uagb-container uagb-block-11eeee3a\">\n<div class=\"wp-block-uagb-info-box uagb-block-97e92467 uagb-infobox__content-wrap  uagb-infobox-icon-above-title uagb-infobox-image-valign-top\"><div class=\"uagb-ifb-content\"><div class=\"uagb-ifb-title-wrap\"><h3 class=\"uagb-ifb-title\"><strong>B\u0151rer\u0151s\u00edt\u0151k<\/strong><\/h3><\/div><p class=\"uagb-ifb-desc\">\u00c9l\u00e9nk\u00edtse \u00e9s fiatal\u00edtsa meg b\u0151r\u00e9t fejlett b\u0151rer\u0151s\u00edt\u0151 kezel\u00e9seinkkel. A mikronedling, a PRP \u00e9s a polinukleotid lehet\u0151s\u00e9gek kombin\u00e1l\u00e1s\u00e1val minden egyes kezel\u00e9s c\u00e9lja a b\u0151r text\u00far\u00e1j\u00e1nak, feszess\u00e9g\u00e9nek \u00e9s \u00e1ltal\u00e1nos ragyog\u00e1s\u00e1nak jav\u00edt\u00e1sa. Tapasztalja meg a ragyog\u00f3, fiatalos arcb\u0151rt ezekkel a gyors \u00e9s hat\u00e9kony megold\u00e1sokkal az eg\u00e9szs\u00e9ges, sz\u00e9p b\u0151r\u00e9rt.<\/p><\/div><\/div>\n\n\n\n<div class=\"wp-block-uagb-info-box uagb-block-4a9d5bc1 uagb-infobox__content-wrap  uagb-infobox-icon-above-title uagb-infobox-image-valign-top hide_hu\"><div class=\"uagb-ifb-content\"><div class=\"uagb-ifb-title-wrap\"><span class=\"uagb-ifb-title-prefix\">AK\u00c1R <strong>\u00a375<\/strong><br><a href=\"https:\/\/websitedemos.net\/lotus-spa-02\/?brainstormforce=pTXyytedV9E9TFhT#\"><\/a><\/span><\/div><\/div><\/div>\n\n\n\n<div class=\"wp-block-uagb-buttons uagb-buttons__outer-wrap uagb-btn__default-btn uagb-btn-tablet__default-btn uagb-btn-mobile__default-btn uagb-block-efa0b6e8\"><div class=\"uagb-buttons__wrap uagb-buttons-layout-wrap\">\n<div class=\"wp-block-uagb-buttons-child uagb-buttons__outer-wrap uagb-block-863e8e1d wp-block-button\"><div class=\"uagb-button__wrapper\"><a class=\"uagb-buttons-repeater wp-block-button__link\" aria-label=\"\" href=\"https:\/\/sugar-aesthetics.com\/hu\/skin-boosters\/\" rel=\"follow noopener\" target=\"_self\" role=\"button\"><div class=\"uagb-button__link\">R\u00e9szletek<\/div><span class=\"uagb-button__icon uagb-button__icon-position-after\"><svg xmlns=\"https:\/\/www.w3.org\/2000\/svg\" viewbox=\"0 0 512 512\" aria-hidden=\"true\" focussable=\"false\"><path d=\"M502.6 278.6l-128 128c-12.51 12.51-32.76 12.49-45.25 0c-12.5-12.5-12.5-32.75 0-45.25L402.8 288H32C14.31 288 0 273.7 0 255.1S14.31 224 32 224h370.8l-73.38-73.38c-12.5-12.5-12.5-32.75 0-45.25s32.75-12.5 45.25 0l128 128C515.1 245.9 515.1 266.1 502.6 278.6z\"><\/path><\/svg><\/span><\/a><\/div><\/div>\n<\/div><\/div>\n<\/div>\n\n\n\n<div class=\"wp-block-uagb-container uagb-block-9aa483ef\">\n<div class=\"wp-block-uagb-image uagb-block-7569c737 wp-block-uagb-image--layout-default wp-block-uagb-image--effect-static wp-block-uagb-image--align-none\"><figure class=\"wp-block-uagb-image__figure\"><img decoding=\"async\" srcset=\"https:\/\/sugar-aesthetics.com\/wp-content\/uploads\/2024\/07\/Untitled-1.jpg ,https:\/\/sugar-aesthetics.com\/wp-content\/uploads\/2024\/07\/Untitled-1.jpg 780w, https:\/\/sugar-aesthetics.com\/wp-content\/uploads\/2024\/07\/Untitled-1.jpg 360w\" sizes=\"(max-width: 480px) 150px\" src=\"https:\/\/sugar-aesthetics.com\/wp-content\/uploads\/2024\/07\/Untitled-1.jpg\" alt=\"\" class=\"uag-image-1797\" width=\"600\" height=\"600\" title=\"Untitled-1\" loading=\"lazy\" role=\"img\"\/><\/figure><\/div>\n<\/div>\n<\/div>\n\n\n\n<div class=\"wp-block-uagb-container uagb-block-f29c3ca0\">\n<div class=\"wp-block-uagb-container uagb-block-ed9de2bc\">\n<div class=\"wp-block-uagb-image uagb-block-b43d8faf wp-block-uagb-image--layout-default wp-block-uagb-image--effect-static wp-block-uagb-image--align-none\"><figure class=\"wp-block-uagb-image__figure\"><img decoding=\"async\" srcset=\"https:\/\/sugar-aesthetics.com\/wp-content\/uploads\/2024\/07\/Untitled-1-1.jpg ,https:\/\/sugar-aesthetics.com\/wp-content\/uploads\/2024\/07\/Untitled-1-1.jpg 780w, https:\/\/sugar-aesthetics.com\/wp-content\/uploads\/2024\/07\/Untitled-1-1.jpg 360w\" sizes=\"(max-width: 480px) 150px\" src=\"https:\/\/sugar-aesthetics.com\/wp-content\/uploads\/2024\/07\/Untitled-1-1.jpg\" alt=\"\" class=\"uag-image-1799\" width=\"600\" height=\"681\" title=\"Untitled-1 (1)\" loading=\"lazy\" role=\"img\"\/><\/figure><\/div>\n<\/div>\n\n\n\n<div class=\"wp-block-uagb-container uagb-block-511160ed\">\n<div class=\"wp-block-uagb-info-box uagb-block-121248d4 uagb-infobox__content-wrap  uagb-infobox-icon-above-title uagb-infobox-image-valign-top\"><div class=\"uagb-ifb-content\"><div class=\"uagb-ifb-title-wrap\"><h3 class=\"uagb-ifb-title\"><strong>Lemon Bottle zs\u00edrbont\u00f3<\/strong><\/h3><\/div><p class=\"uagb-ifb-desc\">Alak\u00edtsa \u00e1t \u00e9s form\u00e1lja a kont\u00farokat a Lemon Bottle zs\u00edrbont\u00f3 kezel\u00e9ssel. Ez a nem seb\u00e9szeti lehet\u0151s\u00e9g a makacs zs\u00edrter\u00fcleteket c\u00e9lozza meg, fokozza az anyagcser\u00e9t \u00e9s a kollag\u00e9nt a sim\u00e1bb, feszesebb megjelen\u00e9s \u00e9rdek\u00e9ben. Gyorsan l\u00e1that\u00f3 eredm\u00e9nyeket \u00e9rhet el ezzel a hat\u00e9kony testform\u00e1l\u00f3 megold\u00e1ssal.<\/p><\/div><\/div>\n\n\n\n<div class=\"wp-block-uagb-info-box uagb-block-79ff7364 uagb-infobox__content-wrap  uagb-infobox-icon-above-title uagb-infobox-image-valign-top hide_hu\"><div class=\"uagb-ifb-content\"><div class=\"uagb-ifb-title-wrap\"><span class=\"uagb-ifb-title-prefix\">Starting From \u00a3 175 \/ area<br><a href=\"https:\/\/websitedemos.net\/lotus-spa-02\/?brainstormforce=pTXyytedV9E9TFhT#\"><\/a><\/span><\/div><\/div><\/div>\n\n\n\n<div class=\"wp-block-uagb-buttons uagb-buttons__outer-wrap uagb-btn__default-btn uagb-btn-tablet__default-btn uagb-btn-mobile__default-btn uagb-block-ee6dbdc0\"><div class=\"uagb-buttons__wrap uagb-buttons-layout-wrap\">\n<div class=\"wp-block-uagb-buttons-child uagb-buttons__outer-wrap uagb-block-ae1d65d6 wp-block-button\"><div class=\"uagb-button__wrapper\"><a class=\"uagb-buttons-repeater wp-block-button__link\" aria-label=\"\" href=\"https:\/\/sugar-aesthetics.com\/hu\/lemon-bottle-fat-dissolving\/\" rel=\"follow noopener\" target=\"_self\" role=\"button\"><div class=\"uagb-button__link\">R\u00e9szletek<\/div><span class=\"uagb-button__icon uagb-button__icon-position-after\"><svg xmlns=\"https:\/\/www.w3.org\/2000\/svg\" viewbox=\"0 0 512 512\" aria-hidden=\"true\" focussable=\"false\"><path d=\"M502.6 278.6l-128 128c-12.51 12.51-32.76 12.49-45.25 0c-12.5-12.5-12.5-32.75 0-45.25L402.8 288H32C14.31 288 0 273.7 0 255.1S14.31 224 32 224h370.8l-73.38-73.38c-12.5-12.5-12.5-32.75 0-45.25s32.75-12.5 45.25 0l128 128C515.1 245.9 515.1 266.1 502.6 278.6z\"><\/path><\/svg><\/span><\/a><\/div><\/div>\n<\/div><\/div>\n<\/div>\n<\/div>\n<\/div><\/div>\n\n\n\n<div class=\"wp-block-uagb-container uagb-block-56cba84a alignfull uagb-is-root-container\"><div class=\"uagb-container-inner-blocks-wrap\">\n<div class=\"wp-block-uagb-container uagb-block-a7f0b104\">\n<div class=\"wp-block-uagb-advanced-heading uagb-block-3b947371\"><h6 class=\"uagb-heading-text\">MIRE V\u00c1RSZ...<\/h6><\/div>\n\n\n\n<div class=\"wp-block-uagb-info-box uagb-block-a801916f uagb-infobox__content-wrap  uagb-infobox-icon-above-title uagb-infobox-image-valign-top\"><div class=\"uagb-ifb-content\"><div class=\"uagb-ifb-title-wrap\"><h2 class=\"uagb-ifb-title\">Id\u0151pont egyeztet\u00e9s<\/h2><\/div><p class=\"uagb-ifb-desc\">Keressen minket b\u00e1tran telefonon, e-mailben, vagy foglaljon id\u0151pontot online rendszer\u00fcnk\u00f6n kereszt\u00fcl.<\/p><\/div><\/div>\n\n\n\n<div class=\"wp-block-uagb-buttons uagb-buttons__outer-wrap uagb-btn__default-btn uagb-btn-tablet__default-btn uagb-btn-mobile__default-btn uagb-block-cedea305\"><div class=\"uagb-buttons__wrap uagb-buttons-layout-wrap\">\n<div class=\"wp-block-uagb-buttons-child uagb-buttons__outer-wrap uagb-block-5cda8b68 wp-block-button\"><div class=\"uagb-button__wrapper\"><a class=\"uagb-buttons-repeater wp-block-button__link\" aria-label=\"\" href=\"https:\/\/sugar-aesthetics.com\/hu\/book-an-appointment\/\" rel=\"follow noopener\" target=\"_self\" role=\"button\"><div class=\"uagb-button__link\">Foglaljon id\u0151pontot<\/div><\/a><\/div><\/div>\n<\/div><\/div>\n\n\n\n<div class=\"wp-block-uagb-info-box uagb-block-6c73f869 uagb-infobox__content-wrap  uagb-infobox-icon-left uagb-infobox-left uagb-infobox-image-valign-top\"><div class=\"uagb-ifb-icon-wrap\"><svg xmlns=\"https:\/\/www.w3.org\/2000\/svg\" viewbox=\"0 0 384 512\"><path d=\"M168.3 499.2C116.1 435 0 279.4 0 192C0 85.96 85.96 0 192 0C298 0 384 85.96 384 192C384 279.4 267 435 215.7 499.2C203.4 514.5 180.6 514.5 168.3 499.2H168.3zM192 256C227.3 256 256 227.3 256 192C256 156.7 227.3 128 192 128C156.7 128 128 156.7 128 192C128 227.3 156.7 256 192 256z\"><\/path><\/svg><\/div><div class=\"uagb-ifb-content\"><div class=\"uagb-ifb-title-wrap\"><h6 class=\"uagb-ifb-title\">A HELYSZ\u00cdN\u00dcNK<\/h6><\/div><p class=\"uagb-ifb-desc\">Baytree houses,92-94 Sussex street,Winchester,Hampshire.SO23&nbsp;8TH<\/p><div class=\"uagb-ifb-separator\"><\/div><\/div><\/div>\n\n\n\n<div class=\"wp-block-uagb-container uagb-block-7c487dcb\">\n<div class=\"wp-block-uagb-info-box uagb-block-9a07cc8b uagb-infobox__content-wrap  uagb-infobox-icon-left uagb-infobox-left uagb-infobox-image-valign-top\"><div class=\"uagb-ifb-icon-wrap\"><svg xmlns=\"https:\/\/www.w3.org\/2000\/svg\" viewbox=\"0 0 512 512\"><path d=\"M256 512C114.6 512 0 397.4 0 256C0 114.6 114.6 0 256 0C397.4 0 512 114.6 512 256C512 397.4 397.4 512 256 512zM232 256C232 264 236 271.5 242.7 275.1L338.7 339.1C349.7 347.3 364.6 344.3 371.1 333.3C379.3 322.3 376.3 307.4 365.3 300L280 243.2V120C280 106.7 269.3 96 255.1 96C242.7 96 231.1 106.7 231.1 120L232 256z\"><\/path><\/svg><\/div><div class=\"uagb-ifb-content\"><div class=\"uagb-ifb-title-wrap\"><h6 class=\"uagb-ifb-title\">NYITVA TART\u00c1S<\/h6><\/div><p class=\"uagb-ifb-desc\">H-P: 9:00-20:00<br>SZ-V: 9:00-20:00<\/p><div class=\"uagb-ifb-separator\"><\/div><\/div><\/div>\n\n\n\n<div class=\"wp-block-uagb-info-box uagb-block-d23347db uagb-infobox__content-wrap  uagb-infobox-icon-left uagb-infobox-left uagb-infobox-image-valign-top\"><div class=\"uagb-ifb-icon-wrap\"><svg xmlns=\"https:\/\/www.w3.org\/2000\/svg\" viewbox=\"0 0 576 512\"><path d=\"M495.5 223.2C491.6 223.7 487.6 224 483.4 224C457.4 224 434.2 212.6 418.3 195C402.4 212.6 379.2 224 353.1 224C327 224 303.8 212.6 287.9 195C272 212.6 248.9 224 222.7 224C196.7 224 173.5 212.6 157.6 195C141.7 212.6 118.5 224 92.36 224C88.3 224 84.21 223.7 80.24 223.2C24.92 215.8-1.255 150.6 28.33 103.8L85.66 13.13C90.76 4.979 99.87 0 109.6 0H466.4C476.1 0 485.2 4.978 490.3 13.13L547.6 103.8C577.3 150.7 551 215.8 495.5 223.2H495.5zM499.7 254.9C503.1 254.4 508 253.6 512 252.6V448C512 483.3 483.3 512 448 512H128C92.66 512 64 483.3 64 448V252.6C67.87 253.6 71.86 254.4 75.97 254.9L76.09 254.9C81.35 255.6 86.83 256 92.36 256C104.8 256 116.8 254.1 128 250.6V384H448V250.7C459.2 254.1 471.1 256 483.4 256C489 256 494.4 255.6 499.7 254.9L499.7 254.9z\"><\/path><\/svg><\/div><div class=\"uagb-ifb-content\"><div class=\"uagb-ifb-title-wrap\"><h6 class=\"uagb-ifb-title\">KAPCSOLAT<\/h6><\/div><p class=\"uagb-ifb-desc\">Telefon: 0630 296 5921<br>Email:&nbsp;info@sugar-aesthetics.com<\/p><\/div><\/div>\n<\/div>\n<\/div>\n<\/div><\/div>","protected":false},"excerpt":{"rendered":"<p>HAVE A LOOK AT OUR WHAT ARE YOU WAITING FOR&#8230;<\/p>","protected":false},"author":1,"featured_media":0,"parent":0,"menu_order":0,"comment_status":"closed","ping_status":"closed","template":"","meta":{"_uag_custom_page_level_css":"","site-sidebar-layout":"no-sidebar","site-content-layout":"page-builder","ast-site-content-layout":"full-width-container","site-content-style":"unboxed","site-sidebar-style":"unboxed","ast-global-header-display":"","ast-banner-title-visibility":"","ast-main-header-display":"","ast-hfb-above-header-display":"","ast-hfb-below-header-display":"","ast-hfb-mobile-header-display":"","site-post-title":"disabled","ast-breadcrumbs-content":"","ast-featured-img":"disabled","footer-sml-layout":"","theme-transparent-header-meta":"enabled","adv-header-id-meta":"","stick-header-meta":"","header-above-stick-meta":"","header-main-stick-meta":"","header-below-stick-meta":"","astra-migrate-meta-layouts":"set","ast-page-background-enabled":"default","ast-page-background-meta":{"desktop":{"background-color":"var(--ast-global-color-4)","background-image":"","background-repeat":"repeat","background-position":"center center","background-size":"auto","background-attachment":"scroll","background-type":"","background-media":"","overlay-type":"","overlay-color":"","overlay-opacity":"","overlay-gradient":""},"tablet":{"background-color":"","background-image":"","background-repeat":"repeat","background-position":"center center","background-size":"auto","background-attachment":"scroll","background-type":"","background-media":"","overlay-type":"","overlay-color":"","overlay-opacity":"","overlay-gradient":""},"mobile":{"background-color":"","background-image":"","background-repeat":"repeat","background-position":"center center","background-size":"auto","background-attachment":"scroll","background-type":"","background-media":"","overlay-type":"","overlay-color":"","overlay-opacity":"","overlay-gradient":""}},"ast-content-background-meta":{"desktop":{"background-color":"var(--ast-global-color-5)","background-image":"","background-repeat":"repeat","background-position":"center center","background-size":"auto","background-attachment":"scroll","background-type":"","background-media":"","overlay-type":"","overlay-color":"","overlay-opacity":"","overlay-gradient":""},"tablet":{"background-color":"var(--ast-global-color-5)","background-image":"","background-repeat":"repeat","background-position":"center center","background-size":"auto","background-attachment":"scroll","background-type":"","background-media":"","overlay-type":"","overlay-color":"","overlay-opacity":"","overlay-gradient":""},"mobile":{"background-color":"var(--ast-global-color-5)","background-image":"","background-repeat":"repeat","background-position":"center center","background-size":"auto","background-attachment":"scroll","background-type":"","background-media":"","overlay-type":"","overlay-color":"","overlay-opacity":"","overlay-gradient":""}},"footnotes":""},"aioseo_notices":[],"uagb_featured_image_src":{"full":false,"thumbnail":false,"medium":false,"medium_large":false,"large":false,"1536x1536":false,"2048x2048":false,"trp-custom-language-flag":false},"uagb_author_info":{"display_name":"mr.phoenix1984@gmail.com","author_link":"https:\/\/sugar-aesthetics.com\/hu\/author\/mr-phoenix1984gmail-com\/"},"uagb_comment_info":0,"uagb_excerpt":"HAVE A LOOK AT OUR WHAT ARE YOU WAITING FOR&#8230;","_links":{"self":[{"href":"https:\/\/sugar-aesthetics.com\/hu\/wp-json\/wp\/v2\/pages\/762"}],"collection":[{"href":"https:\/\/sugar-aesthetics.com\/hu\/wp-json\/wp\/v2\/pages"}],"about":[{"href":"https:\/\/sugar-aesthetics.com\/hu\/wp-json\/wp\/v2\/types\/page"}],"author":[{"embeddable":true,"href":"https:\/\/sugar-aesthetics.com\/hu\/wp-json\/wp\/v2\/users\/1"}],"replies":[{"embeddable":true,"href":"https:\/\/sugar-aesthetics.com\/hu\/wp-json\/wp\/v2\/comments?post=762"}],"version-history":[{"count":16,"href":"https:\/\/sugar-aesthetics.com\/hu\/wp-json\/wp\/v2\/pages\/762\/revisions"}],"predecessor-version":[{"id":2062,"href":"https:\/\/sugar-aesthetics.com\/hu\/wp-json\/wp\/v2\/pages\/762\/revisions\/2062"}],"wp:attachment":[{"href":"https:\/\/sugar-aesthetics.com\/hu\/wp-json\/wp\/v2\/media?parent=762"}],"curies":[{"name":"wp","href":"https:\/\/api.w.org\/{rel}","templated":true}]}}