{"id":760,"date":"2024-06-13T10:11:06","date_gmt":"2024-06-13T10:11:06","guid":{"rendered":"https:\/\/sugar-aesthetics.com\/about\/"},"modified":"2026-04-08T12:47:54","modified_gmt":"2026-04-08T11:47:54","slug":"about","status":"publish","type":"page","link":"https:\/\/sugar-aesthetics.com\/hu\/about\/","title":{"rendered":"Magamr\u00f3l"},"content":{"rendered":"<div class=\"wp-block-uagb-container uagb-block-6ptgjtjq alignfull uagb-is-root-container\"><div class=\"uagb-container-inner-blocks-wrap\"><\/div><\/div>\n\n\n\n<div class=\"wp-block-uagb-container uagb-block-qahvorwp alignfull uagb-is-root-container\"><div class=\"uagb-container-inner-blocks-wrap\">\n<div class=\"wp-block-uagb-container uagb-block-8i0zvcbe\">\n<div class=\"wp-block-uagb-image alignleft uagb-block-lkiktdvy wp-block-uagb-image--layout-default wp-block-uagb-image--effect-static wp-block-uagb-image--align-left\"><figure class=\"wp-block-uagb-image__figure\"><img decoding=\"async\" srcset=\"https:\/\/sugar-aesthetics.com\/wp-content\/uploads\/2026\/04\/Lorant-1-1024x1008.jpeg ,https:\/\/sugar-aesthetics.com\/wp-content\/uploads\/2026\/04\/Lorant-1.jpeg 780w, https:\/\/sugar-aesthetics.com\/wp-content\/uploads\/2026\/04\/Lorant-1.jpeg 360w\" sizes=\"(max-width: 480px) 150px\" src=\"https:\/\/sugar-aesthetics.com\/wp-content\/uploads\/2026\/04\/Lorant-1-1024x1008.jpeg\" alt=\"\" class=\"uag-image-2109\" width=\"490\" height=\"400\" title=\"Lorant-1\" loading=\"lazy\" role=\"img\"\/><\/figure><\/div>\n\n\n\n<div class=\"wp-block-columns is-layout-flex wp-container-core-columns-is-layout-2 wp-block-columns-is-layout-flex\">\n<div class=\"wp-block-column is-layout-flow wp-block-column-is-layout-flow\" style=\"flex-basis:100%\">\n<div class=\"wp-block-columns is-layout-flex wp-container-core-columns-is-layout-1 wp-block-columns-is-layout-flex\">\n<div class=\"wp-block-column is-layout-flow wp-block-column-is-layout-flow\" style=\"flex-basis:100%\">\n<div class=\"wp-block-uagb-info-box uagb-block-oszjlsyk uagb-infobox__content-wrap  uagb-infobox-icon-above-title uagb-infobox-image-valign-top\"><div class=\"uagb-ifb-content\"><div class=\"uagb-ifb-title-wrap\"><p class=\"uagb-ifb-title-prefix\">\u00dcDV\u00d6Z\u00d6L\u00d6M<\/p><h3 class=\"uagb-ifb-title\">A nevem Sug\u00e1r L\u00f3r\u00e1nt,<\/h3><\/div><p class=\"uagb-ifb-desc\">Elk\u00f6telezett regisztr\u00e1lt \u00e1pol\u00f3k\u00e9nt, k\u00f6zel 30 \u00e9ves tapasztalattal rendelkezek az\neg\u00e9szs\u00e9g\u00fcgy ter\u00fclet\u00e9n. Az utam 1995-ben kezd\u0151d\u00f6tt, \u00e9s az\u00f3ta abban a kiv\u00e1lts\u00e1gban\nvolt r\u00e9szem, hogy k\u00fcl\u00f6nb\u00f6z\u0151 rangos int\u00e9zm\u00e9nyekben dolgozhattam Magyarorsz\u00e1g \u00e9s\naz Egyes\u00fclt Kir\u00e1lys\u00e1gban mag\u00e1nk\u00f3rh\u00e1zakban \u00e9s az \u00e1llami int\u00e9zm\u00e9nyekben. Kiterjedt\nh\u00e1tterem mag\u00e1ban foglalja a s\u00fcrg\u0151ss\u00e9gi \u00e9s az intenz\u00edv oszt\u00e1lyon v\u00e9gzett munk\u00e1t.\nAz ut\u00f3bbi p\u00e1r \u00e9vet az eszt\u00e9tikai ,orvosi \u00e9s b\u0151rfiatal\u00edt\u00f3 kezel\u00e9seknek szenteltem.<br><br><br><br><\/p><\/div><\/div>\n<\/div>\n<\/div>\n<\/div>\n<\/div>\n<\/div>\n<\/div><\/div>\n\n\n\n<p style=\"margin-right:0%;margin-left:0%;padding-top:0;padding-right:15%;padding-bottom:0;padding-left:15%\">Eszt\u00e9tikai \u00e1pol\u00f3k\u00e9nt a londoni Harley Street-i Interface Aesthetics-n\u00e9l v\u00e9geztem speci\u00e1lis k\u00e9pz\u00e9st. Ebben a neves int\u00e9zm\u00e9nyben szerzett k\u00e9pes\u00edt\u00e9sem (<a href=\"http:\/\/www.interfaceaesthetics.co.uk\/\">www.interfaceaesthetics.co.uk<\/a>) al\u00e1t\u00e1masztja elk\u00f6telezetts\u00e9gemet az eszt\u00e9tikai orvosl\u00e1s kiv\u00e1l\u00f3s\u00e1ga ir\u00e1nt.<br><br>Rendel\u0151mben a biztons\u00e1got \u00e9s a min\u0151s\u00e9get helyezem el\u0151t\u00e9rbe az\u00e1ltal, hogy kiz\u00e1r\u00f3lag FDA \u00e1ltal j\u00f3v\u00e1hagyott term\u00e9keket haszn\u00e1lok. Az eszt\u00e9tikai orvosl\u00e1s sz\u00e1momra nem csak egy szakma, hanem szenved\u00e9ly. Munk\u00e1m minden egyes aspektus\u00e1ban hatalmas \u00f6r\u00f6met \u00e9rzek, biztos\u00edtva, hogy minden egyes \u00fcgyf\u00e9l a legmagasabb szint\u0171 ell\u00e1t\u00e1sban r\u00e9szes\u00fclj\u00f6n.<br><br>Az eszt\u00e9tik\u00e1hoz val\u00f3 hozz\u00e1\u00e1ll\u00e1som holisztikus, \u00e9s az eg\u00e9szs\u00e9ges \u00e9letm\u00f3d el\u0151mozd\u00edt\u00e1s\u00e1ra \u00f6sszpontos\u00edt. Hiszek az \u00f6nbecs\u00fcl\u00e9s \u00e9s a k\u00fcls\u0151vel val\u00f3 el\u00e9gedetts\u00e9g fenntart\u00e1s\u00e1nak fontoss\u00e1g\u00e1ban. C\u00e9lom, hogy \u00fcgyfeleimet meger\u0151s\u00edtsem, \u00e9s seg\u00edtsem \u0151ket abban, hogy magabiztosnak \u00e9rezz\u00e9k magukat, \u00e9s maguk ir\u00e1ny\u00edts\u00e1k boldogs\u00e1gukat.<br><br>K\u00f6sz\u00f6n\u00f6m, hogy eszt\u00e9tikai ig\u00e9nyei miatt a rendel\u0151met v\u00e1lasztotta. V\u00e1rom, hogy seg\u00edthessek \u00d6nnek el\u00e9rni sz\u00e9ps\u00e9g- \u00e9s wellness c\u00e9ljait.<\/p>\n\n\n\n<div class=\"wp-block-uagb-container uagb-block-j6w13rip alignfull uagb-is-root-container\"><div class=\"uagb-container-inner-blocks-wrap\"><\/div><\/div>\n\n\n\n<div class=\"wp-block-uagb-container uagb-block-vqrjk3l8 alignfull uagb-is-root-container\"><div class=\"uagb-container-inner-blocks-wrap\">\n<div class=\"wp-block-uagb-info-box uagb-block-qe0qzve3 uagb-infobox__content-wrap  uagb-infobox-icon-above-title uagb-infobox-image-valign-top\"><div class=\"uagb-ifb-content\"><div class=\"uagb-ifb-title-wrap\"><h2 class=\"uagb-ifb-title\">Alkossunk egy\u00fctt<\/h2><\/div><\/div><\/div>\n\n\n\n<div class=\"wp-block-uagb-container uagb-block-svvabfr8\">\n<div class=\"wp-block-uagb-info-box uagb-block-ec3hktxa uagb-infobox__content-wrap  uagb-infobox-icon-above-title uagb-infobox-image-valign-top\"><div class=\"uagb-ifb-content\"><div class=\"uagb-ifb-title-wrap\"><\/div><p class=\"uagb-ifb-desc\">L\u00e9pjen kapcsolatba vel\u00fcnk, hogy megtudja, hogyan val\u00f3s\u00edthatjuk meg elk\u00e9pzel\u00e9seit. <\/p><\/div><\/div>\n\n\n\n<div class=\"wp-block-uagb-buttons uagb-buttons__outer-wrap uagb-btn__default-btn uagb-btn-tablet__default-btn uagb-btn-mobile__default-btn uagb-block-i9v5c0f8\"><div class=\"uagb-buttons__wrap uagb-buttons-layout-wrap\">\n<div class=\"wp-block-uagb-buttons-child uagb-buttons__outer-wrap uagb-block-1ru42uus wp-block-button\"><div class=\"uagb-button__wrapper\"><a class=\"uagb-buttons-repeater wp-block-button__link\" aria-label=\"\" href=\"https:\/\/sugar-aesthetics.com\/hu\/book-an-appointment\/\" rel=\"follow noopener\" target=\"_self\" role=\"button\"><div class=\"uagb-button__link\">Kezdje el<\/div><\/a><\/div><\/div>\n<\/div><\/div>\n<\/div>\n<\/div><\/div>\n\n\n\n<div class=\"wp-block-uagb-container uagb-block-d2vd6loe alignfull uagb-is-root-container\"><div class=\"uagb-container-inner-blocks-wrap\">\n<div class=\"wp-block-uagb-container uagb-block-4n4emieg\"><\/div>\n<\/div><\/div>\n\n\n\n<div class=\"wp-block-uagb-container uagb-block-6d4eef65 alignfull uagb-is-root-container\"><div class=\"uagb-container-inner-blocks-wrap\">\n<div class=\"wp-block-uagb-info-box uagb-block-1af6829a uagb-infobox__content-wrap  uagb-infobox-icon-above-title uagb-infobox-image-valign-top\"><div class=\"uagb-ifb-content\"><div class=\"uagb-ifb-image-content\"><img decoding=\"async\" src=\"https:\/\/sugar-aesthetics.com\/wp-content\/uploads\/2021\/08\/quote-icon.svg\" alt=\"\" width=\"24\" height=\"24\" loading=\"lazy\"\/><\/div><div class=\"uagb-ifb-title-wrap\"><\/div><p class=\"uagb-ifb-desc\">\"Nemr\u00e9g j\u00e1rtam a Lorant Sugarban r\u00e1nctalan\u00edt\u00f3 injekci\u00f3k\u00e9rt, \u00e9s az eredm\u00e9nyek hihetetlenek voltak. Profi volt, hozz\u00e1\u00e9rt\u0151, \u00e9s az eg\u00e9sz folyamat sor\u00e1n teljesen nyugodtnak \u00e9reztem magam. A b\u0151r\u00f6m sim\u00e1bbnak \u00e9s fiatalosabbnak t\u0171nik, \u00e9s nem is lehetn\u00e9k boldogabb az eredm\u00e9nnyel. Nagyon aj\u00e1nlom!\"<\/p><\/div><\/div>\n\n\n\n<div class=\"wp-block-uagb-info-box uagb-block-45803655 uagb-infobox__content-wrap  uagb-infobox-icon-above-title uagb-infobox-image-valign-top\"><div class=\"uagb-ifb-content\"><div class=\"uagb-ifb-title-wrap\"><span class=\"uagb-ifb-title-prefix\">BRENDA GREENE<\/span><\/div><p class=\"uagb-ifb-desc\"><strong>\"Csod\u00e1latos eredm\u00e9nyek!\"<\/strong><\/p><\/div><\/div>\n<\/div><\/div>","protected":false},"excerpt":{"rendered":"<p>As an Aesthetic Nurse Practitioner, I pursued specialized training at Interface Aesthetics in London, Harley Street. My qualification from this renowned institution (www.interfaceaesthetics.co.uk) underscores my commitment to excellence in aesthetic medicine. At my practice, I prioritize safety and quality by exclusively using FDA-approved products. Aesthetic medicine is not just a profession for me; it is [&hellip;]<\/p>\n","protected":false},"author":1,"featured_media":0,"parent":0,"menu_order":0,"comment_status":"closed","ping_status":"closed","template":"","meta":{"_uag_custom_page_level_css":"","site-sidebar-layout":"no-sidebar","site-content-layout":"page-builder","ast-site-content-layout":"full-width-container","site-content-style":"unboxed","site-sidebar-style":"unboxed","ast-global-header-display":"","ast-banner-title-visibility":"","ast-main-header-display":"","ast-hfb-above-header-display":"","ast-hfb-below-header-display":"","ast-hfb-mobile-header-display":"","site-post-title":"disabled","ast-breadcrumbs-content":"","ast-featured-img":"disabled","footer-sml-layout":"","theme-transparent-header-meta":"enabled","adv-header-id-meta":"","stick-header-meta":"","header-above-stick-meta":"","header-main-stick-meta":"","header-below-stick-meta":"","astra-migrate-meta-layouts":"set","ast-page-background-enabled":"default","ast-page-background-meta":{"desktop":{"background-color":"var(--ast-global-color-4)","background-image":"","background-repeat":"repeat","background-position":"center center","background-size":"auto","background-attachment":"scroll","background-type":"","background-media":"","overlay-type":"","overlay-color":"","overlay-opacity":"","overlay-gradient":""},"tablet":{"background-color":"","background-image":"","background-repeat":"repeat","background-position":"center center","background-size":"auto","background-attachment":"scroll","background-type":"","background-media":"","overlay-type":"","overlay-color":"","overlay-opacity":"","overlay-gradient":""},"mobile":{"background-color":"","background-image":"","background-repeat":"repeat","background-position":"center center","background-size":"auto","background-attachment":"scroll","background-type":"","background-media":"","overlay-type":"","overlay-color":"","overlay-opacity":"","overlay-gradient":""}},"ast-content-background-meta":{"desktop":{"background-color":"var(--ast-global-color-5)","background-image":"","background-repeat":"repeat","background-position":"center center","background-size":"auto","background-attachment":"scroll","background-type":"","background-media":"","overlay-type":"","overlay-color":"","overlay-opacity":"","overlay-gradient":""},"tablet":{"background-color":"var(--ast-global-color-5)","background-image":"","background-repeat":"repeat","background-position":"center center","background-size":"auto","background-attachment":"scroll","background-type":"","background-media":"","overlay-type":"","overlay-color":"","overlay-opacity":"","overlay-gradient":""},"mobile":{"background-color":"var(--ast-global-color-5)","background-image":"","background-repeat":"repeat","background-position":"center center","background-size":"auto","background-attachment":"scroll","background-type":"","background-media":"","overlay-type":"","overlay-color":"","overlay-opacity":"","overlay-gradient":""}},"footnotes":""},"aioseo_notices":[],"uagb_featured_image_src":{"full":false,"thumbnail":false,"medium":false,"medium_large":false,"large":false,"1536x1536":false,"2048x2048":false,"trp-custom-language-flag":false},"uagb_author_info":{"display_name":"mr.phoenix1984@gmail.com","author_link":"https:\/\/sugar-aesthetics.com\/hu\/author\/mr-phoenix1984gmail-com\/"},"uagb_comment_info":0,"uagb_excerpt":"As an Aesthetic Nurse Practitioner, I pursued specialized training at Interface Aesthetics in London, Harley Street. My qualification from this renowned institution (www.interfaceaesthetics.co.uk) underscores my commitment to excellence in aesthetic medicine. At my practice, I prioritize safety and quality by exclusively using FDA-approved products. Aesthetic medicine is not just a profession for me; it is&hellip;","_links":{"self":[{"href":"https:\/\/sugar-aesthetics.com\/hu\/wp-json\/wp\/v2\/pages\/760"}],"collection":[{"href":"https:\/\/sugar-aesthetics.com\/hu\/wp-json\/wp\/v2\/pages"}],"about":[{"href":"https:\/\/sugar-aesthetics.com\/hu\/wp-json\/wp\/v2\/types\/page"}],"author":[{"embeddable":true,"href":"https:\/\/sugar-aesthetics.com\/hu\/wp-json\/wp\/v2\/users\/1"}],"replies":[{"embeddable":true,"href":"https:\/\/sugar-aesthetics.com\/hu\/wp-json\/wp\/v2\/comments?post=760"}],"version-history":[{"count":41,"href":"https:\/\/sugar-aesthetics.com\/hu\/wp-json\/wp\/v2\/pages\/760\/revisions"}],"predecessor-version":[{"id":2110,"href":"https:\/\/sugar-aesthetics.com\/hu\/wp-json\/wp\/v2\/pages\/760\/revisions\/2110"}],"wp:attachment":[{"href":"https:\/\/sugar-aesthetics.com\/hu\/wp-json\/wp\/v2\/media?parent=760"}],"curies":[{"name":"wp","href":"https:\/\/api.w.org\/{rel}","templated":true}]}}