{"id":757,"date":"2024-06-13T10:11:06","date_gmt":"2024-06-13T10:11:06","guid":{"rendered":"https:\/\/sugar-aesthetics.com\/home\/"},"modified":"2026-04-08T12:47:08","modified_gmt":"2026-04-08T11:47:08","slug":"home","status":"publish","type":"page","link":"https:\/\/sugar-aesthetics.com\/hu\/","title":{"rendered":"Home"},"content":{"rendered":"<div class=\"wp-block-uagb-container uagb-block-avszdwl6 alignfull uagb-is-root-container\"><div class=\"uagb-container-inner-blocks-wrap\">\n<div class=\"wp-block-uagb-container uagb-block-3rkveacu\">\n<div class=\"wp-block-uagb-info-box uagb-block-rafy1imb uagb-infobox__content-wrap  uagb-infobox-icon-above-title uagb-infobox-image-valign-top\"><div class=\"uagb-ifb-content\"><div class=\"uagb-ifb-title-wrap\"><p class=\"uagb-ifb-title-prefix\">\u00dcdv\u00f6z\u00f6lj\u00fck a Sugar Aesthetics-n\u00e9l<\/p><h1 class=\"uagb-ifb-title\">Szak\u00e9rt\u0151 Botox kezel\u00e9sek<\/h1><\/div><p class=\"uagb-ifb-desc\">\u00dcdv\u00f6z\u00f6lj\u00fck a Sugar Aesthetics-n\u00e9l, a sz\u00e9ps\u00e9g\u00e1pol\u00e1s \u00e9s az orvosi Botox kezel\u00e9sek\nels\u0151sz\u00e1m\u00fa c\u00e9lpontj\u00e1n\u00e1l Magyarorsz\u00e1gon.\n\nHiszek abban, hogy biztons\u00e1gos, hat\u00e9kony \u00e9s szem\u00e9lyre szabott kezel\u00e9sekkel\nfokozni tudom term\u00e9szetes sz\u00e9ps\u00e9g\u00e9t \u00e9s jav\u00edtani \u00e1ltal\u00e1nos k\u00f6z\u00e9rzet\u00e9t.<\/p><\/div><\/div>\n\n\n\n<div class=\"wp-block-uagb-buttons uagb-buttons__outer-wrap uagb-btn__default-btn uagb-btn-tablet__default-btn uagb-btn-mobile__default-btn uagb-block-6cvx7k9r\"><div class=\"uagb-buttons__wrap uagb-buttons-layout-wrap\">\n<div class=\"wp-block-uagb-buttons-child uagb-buttons__outer-wrap uagb-block-l5exhvxk wp-block-button\"><div class=\"uagb-button__wrapper\"><a class=\"uagb-buttons-repeater wp-block-button__link\" aria-label=\"\" href=\"https:\/\/sugar-aesthetics.com\/hu\/book-an-appointment\/\" rel=\"follow noopener\" target=\"_self\" role=\"button\"><div class=\"uagb-button__link\">FOGLALJON ID\u0150PONTOT<\/div><\/a><\/div><\/div>\n<\/div><\/div>\n<\/div>\n\n\n\n<div class=\"wp-block-uagb-image alignleft uagb-block-6n7xh3wz wp-block-uagb-image--layout-default wp-block-uagb-image--effect-static wp-block-uagb-image--align-left\"><figure class=\"wp-block-uagb-image__figure\"><img decoding=\"async\" srcset=\"https:\/\/sugar-aesthetics.com\/wp-content\/uploads\/2024\/07\/green-summer-beauty-young-caucasian-woman-with-at-2024-02-06-20-17-10-utc-1-1024x683.jpg ,https:\/\/sugar-aesthetics.com\/wp-content\/uploads\/2024\/07\/green-summer-beauty-young-caucasian-woman-with-at-2024-02-06-20-17-10-utc-1-scaled.jpg 780w, https:\/\/sugar-aesthetics.com\/wp-content\/uploads\/2024\/07\/green-summer-beauty-young-caucasian-woman-with-at-2024-02-06-20-17-10-utc-1-scaled.jpg 360w\" sizes=\"(max-width: 480px) 150px\" src=\"https:\/\/sugar-aesthetics.com\/wp-content\/uploads\/2024\/07\/green-summer-beauty-young-caucasian-woman-with-at-2024-02-06-20-17-10-utc-1-1024x683.jpg\" alt=\"\" class=\"uag-image-1804\" width=\"564\" height=\"500\" title=\"green-summer-beauty-young-caucasian-woman-with-at-2024-02-06-20-17-10-utc (1)\" loading=\"lazy\" role=\"img\"\/><\/figure><\/div>\n<\/div><\/div>\n\n\n\n<div class=\"wp-block-uagb-container uagb-block-f0bc0818 alignfull uagb-is-root-container\"><div class=\"uagb-container-inner-blocks-wrap\">\n<div class=\"wp-block-uagb-advanced-heading uagb-block-cfaf3f76\"><h6 class=\"uagb-heading-text\">Szolg\u00e1ltat\u00e1saink<\/h6><\/div>\n\n\n\n<div class=\"wp-block-uagb-advanced-heading uagb-block-fa01a500\"><h2 class=\"uagb-heading-text\">Hagyja, hogy a test, az elme \u00e9s a l\u00e9lek \u00e9rz\u00e9kelje a nyugalom paradicsom\u00e1t<\/h2><\/div>\n\n\n\n<div class=\"wp-block-uagb-container uagb-block-1dfa82e8\">\n<div class=\"wp-block-uagb-container uagb-block-dde57cca\">\n<div class=\"wp-block-uagb-info-box uagb-block-86c321ab uagb-infobox__content-wrap  uagb-infobox-icon-above-title uagb-infobox-image-valign-top\"><div class=\"uagb-ifb-content\"><div class=\"uagb-ifb-icon-wrap\"><svg xmlns=\"https:\/\/www.w3.org\/2000\/svg\" viewbox=\"0 0 576 512\"><path d=\"M568.3 192c-29 .125-135 6.124-213.9 82.1C321.2 304.7 301 338.3 288 369.9c-13-31.63-33.25-65.25-66.38-94.87C142.8 198.2 36.75 192.2 7.75 192C3.375 192 0 195.4 0 199.9c.25 27.88 7.125 126.2 88.75 199.3C172.8 481 256 479.1 288 479.1s115.2 1.025 199.3-80.85C568.9 326 575.8 227.7 576 199.9C576 195.4 572.6 192 568.3 192zM288 302.6c12.75-18.87 27.62-35.75 44.13-50.5c19-18.62 39.5-33.37 60.25-45.25c-16.5-70.5-51.75-133-96.75-172.3c-4.125-3.5-11-3.5-15.12 0c-45 39.25-80.25 101.6-96.75 172.1c20.37 11.75 40.5 26.12 59.25 44.37C260 266.4 275.1 283.7 288 302.6z\"><\/path><\/svg><\/div><div class=\"uagb-ifb-title-wrap\"><h4 class=\"uagb-ifb-title\">Kozmetikai Botox<\/h4><\/div><p class=\"uagb-ifb-desc\">Cs\u00f6kkentse a finom vonalakat, r\u00e1ncokat \u00e9s az \u00f6reged\u00e9s egy\u00e9b jeleit szak\u00e9rt\u0151 kozmetikai Botox-kezel\u00e9seinkkel.<\/p><\/div><\/div>\n<\/div>\n\n\n\n<div class=\"wp-block-uagb-container uagb-block-1c388046\">\n<div class=\"wp-block-uagb-info-box uagb-block-f5865e33 uagb-infobox__content-wrap  uagb-infobox-icon-above-title uagb-infobox-image-valign-top\"><div class=\"uagb-ifb-content\"><div class=\"uagb-ifb-icon-wrap\"><svg xmlns=\"https:\/\/www.w3.org\/2000\/svg\" viewbox=\"0 0 512 512\"><path d=\"M330.8 242.3L223.1 209.1C210.3 205.2 197 212.3 193.1 224.9C189.2 237.6 196.3 251 208.9 254.9L256 272H56.9c-11.61 0-22.25 7.844-24.44 19.24C29.51 306.6 41.19 320 56 320h128C188.4 320 192 323.6 192 328S188.4 336 184 336H24.9c-11.61 0-22.25 7.844-24.44 19.24C-2.49 370.6 9.193 384 24 384h160C188.4 384 192 387.6 192 392S188.4 400 184 400H56.9c-11.61 0-22.25 7.844-24.44 19.24C29.51 434.6 41.19 448 56 448h128C188.4 448 192 451.6 192 456S188.4 464 184 464H88.9c-11.61 0-22.25 7.844-24.44 19.24C61.51 498.6 73.19 512 88 512h208c66.28 0 120-53.73 120-120v-32.03C416 306.6 381.1 259.4 330.8 242.3zM197.1 179.5c5.986-2.148 12.32-3.482 18.98-3.482c5.508 0 10.99 .8105 16.5 2.471l16.11 4.975L227.7 117.2C224.2 106.2 213.6 98.39 202 99.74c-15.51 1.807-24.79 16.99-20.33 31.11L197.1 179.5zM487.1 144.5c-13.27 .0977-23.95 10.91-23.86 24.16l-2.082 50.04l-59.98-189.8c-3.496-11.07-14.18-18.86-25.71-17.51c-15.51 1.807-24.79 16.99-20.33 31.11l38.56 122.1c1.332 4.213-1.004 8.707-5.219 10.04c-4.213 1.332-8.707-1.004-10.04-5.217l-47.93-151.7c-3.496-11.07-14.18-18.86-25.71-17.51c-15.51 1.807-24.79 16.99-20.33 31.11l43.37 137.8c1.33 4.213-1.006 8.707-5.219 10.04c-4.213 1.332-8.707-1.004-10.04-5.217l-33.46-106.4C275.6 56.39 264.9 48.6 253.4 49.94c-15.51 1.807-24.79 16.99-20.33 31.11l34.15 108.1l73.7 22.76C404.1 233.3 448 292.8 448 359.9v27.91c38.27-21.17 63.28-61.24 64-106.7V168.4C511.8 155.1 500.3 144.5 487.1 144.5z\"><\/path><\/svg><\/div><div class=\"uagb-ifb-title-wrap\"><h4 class=\"uagb-ifb-title\">Orvosi Botox<\/h4><\/div><p class=\"uagb-ifb-desc\">Kezelje az olyan orvosi probl\u00e9m\u00e1kat, mint a kr\u00f3nikus migr\u00e9n, a t\u00falzott izzad\u00e1s \u00e9s az izomg\u00f6rcs\u00f6k a speci\u00e1lis orvosi Botox kezel\u00e9sekkel.<\/p><\/div><\/div>\n<\/div>\n\n\n\n<div class=\"wp-block-uagb-container uagb-block-239d0958\">\n<div class=\"wp-block-uagb-info-box uagb-block-4f5c589e uagb-infobox__content-wrap  uagb-infobox-icon-above-title uagb-infobox-image-valign-top\"><div class=\"uagb-ifb-content\"><div class=\"uagb-ifb-icon-wrap\"><svg xmlns=\"https:\/\/www.w3.org\/2000\/svg\" viewbox=\"0 0 576 512\"><path d=\"M416 64c17.67 0 32-14.33 32-31.1c0-17.67-14.33-32-32-32c-17.67 0-32 14.33-32 32C384 49.67 398.3 64 416 64zM519.1 336H360c-4.418 0-8-3.582-8-8s3.582-8 8-8h128c14.81 0 26.49-13.42 23.54-28.76c-2.191-11.4-12.84-19.24-24.44-19.24H288l47.09-17.06c12.66-3.906 19.75-17.34 15.84-30.03c-3.938-12.62-17.28-19.69-30.03-15.84L213.2 242.3C162 259.4 128 306.6 128 359.1v25.65c36.47 7.434 64 39.75 64 78.38c0 10.71-2.193 20.91-6.031 30.25C204.1 505.3 225.2 512 248 512h208c14.81 0 26.49-13.42 23.54-28.76c-2.191-11.4-12.84-19.24-24.44-19.24H360c-4.418 0-8-3.582-8-8s3.582-8 8-8h128c14.81 0 26.49-13.42 23.54-28.76c-2.191-11.4-12.84-19.24-24.44-19.24H360c-4.418 0-8-3.582-8-8s3.582-8 8-8h160c14.81 0 26.49-13.42 23.54-28.76C541.3 343.8 530.7 336 519.1 336zM311.5 178.4c5.508-1.66 10.99-2.471 16.5-2.471c6.662 0 12.1 1.334 18.98 3.482l15.36-48.61c4.461-14.12-4.82-29.3-20.33-31.11c-11.53-1.344-22.21 6.443-25.71 17.51l-20.9 66.17L311.5 178.4zM496 224c26.51 0 48-21.49 48-47.1s-21.49-48-48-48S448 149.5 448 176S469.5 224 496 224zM93.65 386.3C94.45 386.1 95.19 385.8 96 385.6v-25.69c0-67.17 43.03-126.7 107.1-148l73.7-22.76l34.15-108.1c4.459-14.12-4.82-29.3-20.33-31.11C279.1 48.6 268.4 56.39 264.9 67.46L231.4 173.9c-1.332 4.213-5.826 6.549-10.04 5.217C217.2 177.8 214.8 173.3 216.2 169.1l43.37-137.8c4.461-14.12-4.82-29.3-20.33-31.11c-11.53-1.344-22.21 6.445-25.71 17.51L165.6 169.4C164.2 173.6 159.7 175.9 155.5 174.6C151.3 173.3 148.1 168.8 150.3 164.6l38.56-122.1c4.459-14.12-4.82-29.3-20.33-31.11C157 10.04 146.3 17.83 142.8 28.9L82.84 218.7L80.76 168.7C80.85 155.5 70.17 144.6 56.9 144.5C43.67 144.5 32.18 155.1 32 168.4v112.7C32.71 325.6 56.76 364.8 93.65 386.3zM112 416c-26.51 0-48 21.49-48 47.1s21.49 48 48 48S160 490.5 160 464S138.5 416 112 416z\"><\/path><\/svg><\/div><div class=\"uagb-ifb-title-wrap\"><h4 class=\"uagb-ifb-title\">Konzult\u00e1ci\u00f3k<\/h4><\/div><p class=\"uagb-ifb-desc\">Kezdje \u00fatj\u00e1t egy \u00e1tfog\u00f3 konzult\u00e1ci\u00f3val, hogy megbesz\u00e9lj\u00fck c\u00e9ljait \u00e9s szem\u00e9lyre szabott kezel\u00e9si tervet k\u00e9sz\u00edts\u00fcnk.<\/p><\/div><\/div>\n<\/div>\n<\/div>\n<\/div><\/div>\n\n\n\n<div class=\"wp-block-uagb-container uagb-block-28ef5406 alignfull uagb-is-root-container\"><div class=\"uagb-container-inner-blocks-wrap\">\n<div class=\"wp-block-uagb-info-box uagb-block-63763c4c uagb-infobox__content-wrap  uagb-infobox-icon-above-title uagb-infobox-image-valign-top\"><div class=\"uagb-ifb-content\"><div class=\"uagb-ifb-title-wrap\"><h2 class=\"uagb-ifb-title\">10% kedvezm\u00e9ny az eg\u00e9szs\u00e9g\u00fcgyi szem\u00e9lyzet sz\u00e1m\u00e1ra<\/h2><\/div><p class=\"uagb-ifb-desc\">(orvosok, \u00e1pol\u00f3k, eg\u00e9szs\u00e9g\u00fcgyi asszisztensek, gy\u00f3gyszer\u00e9szek stb.)<br><a href=\"https:\/\/websitedemos.net\/lotus-spa-02\/?brainstormforce=pTXyytedV9E9TFhT#\"><\/a><\/p><\/div><\/div>\n<\/div><\/div>\n\n\n\n<div class=\"wp-block-uagb-container uagb-block-e5dc1f08 alignfull uagb-is-root-container\"><div class=\"uagb-container-inner-blocks-wrap\">\n<div class=\"wp-block-uagb-container uagb-block-14300401\">\n<div class=\"wp-block-uagb-info-box uagb-block-e99cb357 uagb-infobox__content-wrap  uagb-infobox-icon-above-title uagb-infobox-image-valign-top\"><div class=\"uagb-ifb-content\"><div class=\"uagb-ifb-title-wrap\"><h2 class=\"uagb-ifb-title translation-block\">Ismerd meg <br>Sug\u00e1r L\u00f3r\u00e1ntot<\/h2><\/div><p class=\"uagb-ifb-desc\">K\u00f6zel 30 \u00e9v \u00e1pol\u00f3i \u00e9s t\u00f6bb \u00e9ves az Egyes\u00fclt Kir\u00e1lys\u00e1gban szerzett \u00e9s gyakorolt\nkozmetikai \u00e9s orvosi botox ter\u00fclet\u00e9n szerzett tapasztalat\u00e1val L\u00f3r\u00e1nt minden egyes\nkezel\u00e9sn\u00e9l nagy szak\u00e9rtelemmel \u00e9s az eszt\u00e9tika ir\u00e1nti szenved\u00e9llyel dolgozik.\nElk\u00f6telezett a legmagasabb szint\u0171 gondoskod\u00e1s \u00e9s a kiv\u00e9teles eredm\u00e9nyek\nbiztos\u00edt\u00e1sa ir\u00e1nt minden egyes \u00fcgyf\u00e9l sz\u00e1m\u00e1ra.\nA legmagasabb elv\u00e1r\u00e1snak megfelel\u0151en a szem\u00e9ly adotts\u00e1gait \u00e9s lehet\u0151s\u00e9geit\nfigyelembe v\u00e9ve \u00e1ll\u00edtja \u00f6ssze a kezel\u00e9ket.<br><a href=\"https:\/\/websitedemos.net\/lotus-spa-02\/?brainstormforce=pTXyytedV9E9TFhT#\"><\/a><\/p><div class=\"uagb-ifb-button-wrapper wp-block-button\"><a href=\"#\" class=\"uagb-infobox-cta-link wp-block-button__link\" target=\"_self\" rel=\"noopener noreferrer\" onclick=\"return false;\"><span class=\"uagb-inline-editing\">FOGLALJON MOST<\/span><svg xmlns=\"https:\/\/www.w3.org\/2000\/svg\" viewbox=\"0 0 512 512\"><path d=\"M502.6 278.6l-128 128c-12.51 12.51-32.76 12.49-45.25 0c-12.5-12.5-12.5-32.75 0-45.25L402.8 288H32C14.31 288 0 273.7 0 255.1S14.31 224 32 224h370.8l-73.38-73.38c-12.5-12.5-12.5-32.75 0-45.25s32.75-12.5 45.25 0l128 128C515.1 245.9 515.1 266.1 502.6 278.6z\"><\/path><\/svg><\/a><\/div><\/div><\/div>\n<\/div>\n\n\n\n<div class=\"wp-block-uagb-container uagb-block-8e6a7764\">\n<div class=\"wp-block-uagb-image uagb-block-18da4aea wp-block-uagb-image--layout-default wp-block-uagb-image--effect-static wp-block-uagb-image--align-none\"><figure class=\"wp-block-uagb-image__figure\"><img decoding=\"async\" srcset=\"https:\/\/sugar-aesthetics.com\/wp-content\/uploads\/2026\/04\/Lorant-1024x1008.jpeg ,https:\/\/sugar-aesthetics.com\/wp-content\/uploads\/2026\/04\/Lorant.jpeg 780w, https:\/\/sugar-aesthetics.com\/wp-content\/uploads\/2026\/04\/Lorant.jpeg 360w\" sizes=\"(max-width: 480px) 150px\" src=\"https:\/\/sugar-aesthetics.com\/wp-content\/uploads\/2026\/04\/Lorant-1024x1008.jpeg\" alt=\"\" class=\"uag-image-2106\" width=\"400\" height=\"600\" title=\"Lorant\" loading=\"lazy\" role=\"img\"\/><\/figure><\/div>\n<\/div>\n<\/div><\/div>\n\n\n\n<div class=\"wp-block-uagb-container uagb-block-ec3d20de alignfull uagb-is-root-container\"><div class=\"uagb-container-inner-blocks-wrap\">\n<div class=\"wp-block-uagb-info-box uagb-block-5a97059e uagb-infobox__content-wrap  uagb-infobox-icon-above-title uagb-infobox-image-valign-top uag-hide-desktop uag-hide-tab uag-hide-mob\"><div class=\"uagb-ifb-content\"><div class=\"uagb-ifb-title-wrap\"><h2 class=\"uagb-ifb-title translation-block\">2025 \u00c1prilisban extra 10% <br>kedvezm\u00e9ny el\u0151zetes foglal\u00e1s eset\u00e9n<\/h2><\/div><\/div><\/div>\n<\/div><\/div>\n\n\n\n<div class=\"wp-block-uagb-container uagb-block-79c34dd3 alignfull uagb-is-root-container\"><div class=\"uagb-container-inner-blocks-wrap\">\n<div class=\"wp-block-uagb-info-box uagb-block-0be7dce4 uagb-infobox__content-wrap  uagb-infobox-icon-above-title uagb-infobox-image-valign-top\"><div class=\"uagb-ifb-content\"><div class=\"uagb-ifb-title-wrap\"><h2 class=\"uagb-ifb-title\">Mi\u00e9rt v\u00e1lassza a Sugar Aestheticset?<\/h2><\/div><\/div><\/div>\n\n\n\n<div class=\"wp-block-uagb-container uagb-block-554b0593\">\n<div class=\"wp-block-uagb-container uagb-block-f6fe117b\">\n<div class=\"wp-block-uagb-info-box uagb-block-e4af45de uagb-infobox__content-wrap  uagb-infobox-icon-above-title uagb-infobox-image-valign-top\"><div class=\"uagb-ifb-content\"><div class=\"uagb-ifb-title-wrap\"><h3 class=\"uagb-ifb-title\">Szem\u00e9lyre szabott kezel\u00e9sek<\/h3><\/div><p class=\"uagb-ifb-desc\">Meg\u00e9rtj\u00fck, hogy minden egy\u00e9n egyedi, \u00e9s Botox-kezel\u00e9seinket az \u00d6n egyedi ig\u00e9nyeihez \u00e9s c\u00e9ljaihoz igaz\u00edtjuk.<\/p><\/div><\/div>\n<\/div>\n\n\n\n<div class=\"wp-block-uagb-container uagb-block-99f885ce\">\n<div class=\"wp-block-uagb-info-box uagb-block-26fcd263 uagb-infobox__content-wrap  uagb-infobox-icon-above-title uagb-infobox-image-valign-top\"><div class=\"uagb-ifb-content\"><div class=\"uagb-ifb-title-wrap\"><h3 class=\"uagb-ifb-title\">Orvosi szak\u00e9rtelem<\/h3><\/div><p class=\"uagb-ifb-desc\">A sz\u00e9ps\u00e9g\u00e1pol\u00e1son t\u00falmen\u0151en orvosi Botox-kezel\u00e9seket k\u00edn\u00e1lunk k\u00fcl\u00f6nb\u00f6z\u0151 eg\u00e9szs\u00e9g\u00fcgyi \u00e1llapotok kezel\u00e9s\u00e9re, biztos\u00edtva, hogy olyan j\u00f3l \u00e9rezze mag\u00e1t, mint amilyen j\u00f3l n\u00e9z ki.<\/p><\/div><\/div>\n<\/div>\n<\/div>\n\n\n\n<div class=\"wp-block-uagb-container uagb-block-d28aed9f\">\n<div class=\"wp-block-uagb-container uagb-block-e8b75c20\">\n<div class=\"wp-block-uagb-info-box uagb-block-0dd81423 uagb-infobox__content-wrap  uagb-infobox-icon-above-title uagb-infobox-image-valign-top\"><div class=\"uagb-ifb-content\"><div class=\"uagb-ifb-title-wrap\"><h3 class=\"uagb-ifb-title\">Korszer\u0171 l\u00e9tes\u00edtm\u00e9ny<\/h3><\/div><p class=\"uagb-ifb-desc\">Magyarorsz\u00e1gi szalonunk a legmagasabb biztons\u00e1gi \u00e9s higi\u00e9niai norm\u00e1knak\nmegfelel\u0151en m\u0171k\u00f6dik.<\/p><\/div><\/div>\n<\/div>\n\n\n\n<div class=\"wp-block-uagb-container uagb-block-2c24a054\">\n<div class=\"wp-block-uagb-info-box uagb-block-45c16c37 uagb-infobox__content-wrap  uagb-infobox-icon-above-title uagb-infobox-image-valign-top\"><div class=\"uagb-ifb-content\"><div class=\"uagb-ifb-title-wrap\"><h3 class=\"uagb-ifb-title\">Holisztikus megk\u00f6zel\u00edt\u00e9s<\/h3><\/div><p class=\"uagb-ifb-desc\">Az eszt\u00e9tika m\u0171v\u00e9szet\u00e9t \u00f6tv\u00f6zz\u00fck az orvostudom\u00e1ny tudom\u00e1ny\u00e1val, hogy holisztikus megk\u00f6zel\u00edt\u00e9st k\u00edn\u00e1ljunk az \u00d6n sz\u00e9ps\u00e9g\u00e9hez \u00e9s wellness\u00e9hez.<\/p><\/div><\/div>\n<\/div>\n<\/div>\n<\/div><\/div>\n\n\n\n<div class=\"wp-block-uagb-container uagb-block-96654da6 alignfull uagb-is-root-container\"><div class=\"uagb-container-inner-blocks-wrap\">\n<div class=\"wp-block-uagb-info-box uagb-block-2318a896 uagb-infobox__content-wrap  uagb-infobox-icon-above-title uagb-infobox-image-valign-top\"><div class=\"uagb-ifb-content\"><div class=\"uagb-ifb-image-content\"><img decoding=\"async\" src=\"https:\/\/sugar-aesthetics.com\/wp-content\/uploads\/2021\/08\/quote-icon.svg\" alt=\"\" width=\"24\" height=\"24\" loading=\"lazy\"\/><\/div><div class=\"uagb-ifb-title-wrap\"><\/div><p class=\"uagb-ifb-desc\">&quot;Nemr\u00e9g kaptam kezel\u00e9st Sug\u00e1r L\u00f3r\u00e1ntt\u00f3l , \u00e9s az eredm\u00e9ny hihetetlen volt.\nProfi,nyugodt,hozz\u00e1\u00e9rt\u0151 volt, \u00e9s az eg\u00e9sz folyamat sor\u00e1n teljesen b\u00edztons\u00e1gban\n\u00e9reztem magam. A b\u0151r\u00f6m sim\u00e1bbnak \u00e9s fiatalosabbnak t\u0171nik, \u00e9s nem is\nlehetn\u00e9k boldogabb az eredm\u00e9nnyel. Nagyon aj\u00e1nlom!&quot;<\/p><\/div><\/div>\n\n\n\n<div class=\"wp-block-uagb-info-box uagb-block-70dd1239 uagb-infobox__content-wrap  uagb-infobox-icon-above-title uagb-infobox-image-valign-top\"><div class=\"uagb-ifb-content\"><div class=\"uagb-ifb-title-wrap\"><span class=\"uagb-ifb-title-prefix\">BRENDA GREENE<\/span><\/div><\/div><\/div>\n<\/div><\/div>\n\n\n\n<div class=\"wp-block-uagb-container uagb-block-3ffb514f alignfull uagb-is-root-container\"><div class=\"uagb-container-inner-blocks-wrap\">\n<div class=\"wp-block-uagb-container uagb-block-161b7a00\">\n<div class=\"wp-block-uagb-advanced-heading uagb-block-200a12bf\"><h6 class=\"uagb-heading-text\">MIRE V\u00c1RSZ...<\/h6><\/div>\n\n\n\n<div class=\"wp-block-uagb-info-box uagb-block-c3033f57 uagb-infobox__content-wrap  uagb-infobox-icon-above-title uagb-infobox-image-valign-top\"><div class=\"uagb-ifb-content\"><div class=\"uagb-ifb-title-wrap\"><h2 class=\"uagb-ifb-title\">Foglaljon id\u0151pontot m\u00e9g ma<\/h2><\/div><p class=\"uagb-ifb-desc\">Fedezze fel a Botox \u00e1talak\u00edt\u00f3 erej\u00e9t a Sugar Aestheticsn\u00e9l. Ak\u00e1r sz\u00e9ps\u00e9g\u00e9t szeretn\u00e9 fokozni, ak\u00e1r egy orvosi probl\u00e9m\u00e1t szeretne orvosolni, mi seg\u00edt\u00fcnk \u00d6nnek. Foglaljon id\u0151pontot m\u00e9g ma, \u00e9s tegye meg az els\u0151 l\u00e9p\u00e9st egy magabiztosabb, megfiatal\u00edtott \u00d6n fel\u00e9.<\/p><\/div><\/div>\n\n\n\n<div class=\"wp-block-uagb-buttons uagb-buttons__outer-wrap uagb-btn__default-btn uagb-btn-tablet__default-btn uagb-btn-mobile__default-btn uagb-block-8e6e7dbf\"><div class=\"uagb-buttons__wrap uagb-buttons-layout-wrap\">\n<div class=\"wp-block-uagb-buttons-child uagb-buttons__outer-wrap uagb-block-8df2e7c0 wp-block-button\"><div class=\"uagb-button__wrapper\"><a class=\"uagb-buttons-repeater wp-block-button__link\" aria-label=\"\" href=\"https:\/\/sugar-aesthetics.com\/hu\/book-an-appointment\/\" rel=\"follow noopener\" target=\"_self\" role=\"button\"><div class=\"uagb-button__link\">FOGLALJON ID\u0150PONTOT<\/div><\/a><\/div><\/div>\n<\/div><\/div>\n\n\n\n<div class=\"wp-block-uagb-info-box uagb-block-6a976470 uagb-infobox__content-wrap  uagb-infobox-icon-left uagb-infobox-left uagb-infobox-image-valign-top\"><div class=\"uagb-ifb-icon-wrap\"><svg xmlns=\"https:\/\/www.w3.org\/2000\/svg\" viewbox=\"0 0 384 512\"><path d=\"M168.3 499.2C116.1 435 0 279.4 0 192C0 85.96 85.96 0 192 0C298 0 384 85.96 384 192C384 279.4 267 435 215.7 499.2C203.4 514.5 180.6 514.5 168.3 499.2H168.3zM192 256C227.3 256 256 227.3 256 192C256 156.7 227.3 128 192 128C156.7 128 128 156.7 128 192C128 227.3 156.7 256 192 256z\"><\/path><\/svg><\/div><div class=\"uagb-ifb-content\"><div class=\"uagb-ifb-title-wrap\"><h6 class=\"uagb-ifb-title\">HELYSZ\u00cdNEINK<\/h6><\/div><p class=\"uagb-ifb-desc translation-block\">Nap utca 10<br>\n2083 Solym\u00e1r<\/p><div class=\"uagb-ifb-separator\"><\/div><\/div><\/div>\n\n\n\n<div class=\"wp-block-uagb-container uagb-block-1031799a\">\n<div class=\"wp-block-uagb-info-box uagb-block-665af1c0 uagb-infobox__content-wrap  uagb-infobox-icon-left uagb-infobox-left uagb-infobox-image-valign-top\"><div class=\"uagb-ifb-icon-wrap\"><svg xmlns=\"https:\/\/www.w3.org\/2000\/svg\" viewbox=\"0 0 512 512\"><path d=\"M256 512C114.6 512 0 397.4 0 256C0 114.6 114.6 0 256 0C397.4 0 512 114.6 512 256C512 397.4 397.4 512 256 512zM232 256C232 264 236 271.5 242.7 275.1L338.7 339.1C349.7 347.3 364.6 344.3 371.1 333.3C379.3 322.3 376.3 307.4 365.3 300L280 243.2V120C280 106.7 269.3 96 255.1 96C242.7 96 231.1 106.7 231.1 120L232 256z\"><\/path><\/svg><\/div><div class=\"uagb-ifb-content\"><div class=\"uagb-ifb-title-wrap\"><h6 class=\"uagb-ifb-title\">NYITVA TART\u00c1S<\/h6><\/div><p class=\"uagb-ifb-desc\">H-P: 9:00-20:00<br>SZ-V: 9:00-20:00<\/p><div class=\"uagb-ifb-separator\"><\/div><\/div><\/div>\n\n\n\n<div class=\"wp-block-uagb-info-box uagb-block-56a0f002 uagb-infobox__content-wrap  uagb-infobox-icon-left uagb-infobox-left uagb-infobox-image-valign-top\"><div class=\"uagb-ifb-icon-wrap\"><svg xmlns=\"https:\/\/www.w3.org\/2000\/svg\" viewbox=\"0 0 576 512\"><path d=\"M495.5 223.2C491.6 223.7 487.6 224 483.4 224C457.4 224 434.2 212.6 418.3 195C402.4 212.6 379.2 224 353.1 224C327 224 303.8 212.6 287.9 195C272 212.6 248.9 224 222.7 224C196.7 224 173.5 212.6 157.6 195C141.7 212.6 118.5 224 92.36 224C88.3 224 84.21 223.7 80.24 223.2C24.92 215.8-1.255 150.6 28.33 103.8L85.66 13.13C90.76 4.979 99.87 0 109.6 0H466.4C476.1 0 485.2 4.978 490.3 13.13L547.6 103.8C577.3 150.7 551 215.8 495.5 223.2H495.5zM499.7 254.9C503.1 254.4 508 253.6 512 252.6V448C512 483.3 483.3 512 448 512H128C92.66 512 64 483.3 64 448V252.6C67.87 253.6 71.86 254.4 75.97 254.9L76.09 254.9C81.35 255.6 86.83 256 92.36 256C104.8 256 116.8 254.1 128 250.6V384H448V250.7C459.2 254.1 471.1 256 483.4 256C489 256 494.4 255.6 499.7 254.9L499.7 254.9z\"><\/path><\/svg><\/div><div class=\"uagb-ifb-content\"><div class=\"uagb-ifb-title-wrap\"><h6 class=\"uagb-ifb-title\">KAPCSOLAT<\/h6><\/div><p class=\"uagb-ifb-desc\">Telefon: 0630 296 5921<br>Email:&nbsp;info@sugar-aesthetics.com<\/p><\/div><\/div>\n<\/div>\n<\/div>\n<\/div><\/div>","protected":false},"excerpt":{"rendered":"<p>Our Services Allow your body, mind and soul sense a haven of tranquility WHAT ARE YOU WAITING FOR&#8230;<\/p>","protected":false},"author":1,"featured_media":0,"parent":0,"menu_order":0,"comment_status":"closed","ping_status":"closed","template":"","meta":{"_uag_custom_page_level_css":"","site-sidebar-layout":"no-sidebar","site-content-layout":"page-builder","ast-site-content-layout":"full-width-container","site-content-style":"unboxed","site-sidebar-style":"unboxed","ast-global-header-display":"","ast-banner-title-visibility":"","ast-main-header-display":"","ast-hfb-above-header-display":"","ast-hfb-below-header-display":"","ast-hfb-mobile-header-display":"","site-post-title":"disabled","ast-breadcrumbs-content":"","ast-featured-img":"disabled","footer-sml-layout":"","theme-transparent-header-meta":"enabled","adv-header-id-meta":"","stick-header-meta":"","header-above-stick-meta":"","header-main-stick-meta":"","header-below-stick-meta":"","astra-migrate-meta-layouts":"set","ast-page-background-enabled":"default","ast-page-background-meta":{"desktop":{"background-color":"var(--ast-global-color-4)","background-image":"","background-repeat":"repeat","background-position":"center center","background-size":"auto","background-attachment":"scroll","background-type":"","background-media":"","overlay-type":"","overlay-color":"","overlay-opacity":"","overlay-gradient":""},"tablet":{"background-color":"","background-image":"","background-repeat":"repeat","background-position":"center center","background-size":"auto","background-attachment":"scroll","background-type":"","background-media":"","overlay-type":"","overlay-color":"","overlay-opacity":"","overlay-gradient":""},"mobile":{"background-color":"","background-image":"","background-repeat":"repeat","background-position":"center center","background-size":"auto","background-attachment":"scroll","background-type":"","background-media":"","overlay-type":"","overlay-color":"","overlay-opacity":"","overlay-gradient":""}},"ast-content-background-meta":{"desktop":{"background-color":"var(--ast-global-color-5)","background-image":"","background-repeat":"repeat","background-position":"center center","background-size":"auto","background-attachment":"scroll","background-type":"","background-media":"","overlay-type":"","overlay-color":"","overlay-opacity":"","overlay-gradient":""},"tablet":{"background-color":"var(--ast-global-color-5)","background-image":"","background-repeat":"repeat","background-position":"center center","background-size":"auto","background-attachment":"scroll","background-type":"","background-media":"","overlay-type":"","overlay-color":"","overlay-opacity":"","overlay-gradient":""},"mobile":{"background-color":"var(--ast-global-color-5)","background-image":"","background-repeat":"repeat","background-position":"center center","background-size":"auto","background-attachment":"scroll","background-type":"","background-media":"","overlay-type":"","overlay-color":"","overlay-opacity":"","overlay-gradient":""}},"footnotes":""},"aioseo_notices":[],"uagb_featured_image_src":{"full":false,"thumbnail":false,"medium":false,"medium_large":false,"large":false,"1536x1536":false,"2048x2048":false,"trp-custom-language-flag":false},"uagb_author_info":{"display_name":"mr.phoenix1984@gmail.com","author_link":"https:\/\/sugar-aesthetics.com\/hu\/author\/mr-phoenix1984gmail-com\/"},"uagb_comment_info":0,"uagb_excerpt":"Our Services Allow your body, mind and soul sense a haven of tranquility WHAT ARE YOU WAITING FOR&#8230;","_links":{"self":[{"href":"https:\/\/sugar-aesthetics.com\/hu\/wp-json\/wp\/v2\/pages\/757"}],"collection":[{"href":"https:\/\/sugar-aesthetics.com\/hu\/wp-json\/wp\/v2\/pages"}],"about":[{"href":"https:\/\/sugar-aesthetics.com\/hu\/wp-json\/wp\/v2\/types\/page"}],"author":[{"embeddable":true,"href":"https:\/\/sugar-aesthetics.com\/hu\/wp-json\/wp\/v2\/users\/1"}],"replies":[{"embeddable":true,"href":"https:\/\/sugar-aesthetics.com\/hu\/wp-json\/wp\/v2\/comments?post=757"}],"version-history":[{"count":31,"href":"https:\/\/sugar-aesthetics.com\/hu\/wp-json\/wp\/v2\/pages\/757\/revisions"}],"predecessor-version":[{"id":2108,"href":"https:\/\/sugar-aesthetics.com\/hu\/wp-json\/wp\/v2\/pages\/757\/revisions\/2108"}],"wp:attachment":[{"href":"https:\/\/sugar-aesthetics.com\/hu\/wp-json\/wp\/v2\/media?parent=757"}],"curies":[{"name":"wp","href":"https:\/\/api.w.org\/{rel}","templated":true}]}}