{"id":1924,"date":"2024-11-12T05:50:12","date_gmt":"2024-11-12T05:50:12","guid":{"rendered":"https:\/\/sugar-aesthetics.com\/?page_id=1924"},"modified":"2024-12-01T07:29:12","modified_gmt":"2024-12-01T07:29:12","slug":"lemon-bottle-fat-dissolving","status":"publish","type":"page","link":"https:\/\/sugar-aesthetics.com\/hu\/lemon-bottle-fat-dissolving\/","title":{"rendered":"Lemon bottle fat-dissolving"},"content":{"rendered":"<p><\/p>\n\n\n\n<div class=\"wp-block-uagb-container uagb-block-b0srsamp alignfull uagb-is-root-container\"><div class=\"uagb-container-inner-blocks-wrap\">\n<div class=\"wp-block-uagb-info-box uagb-block-jpaoiqry uagb-infobox__content-wrap  uagb-infobox-icon-above-title uagb-infobox-image-valign-top wp-block-uagb-info-box--has-margin\"><div class=\"uagb-infobox-margin-wrapper\"><div class=\"uagb-ifb-content\"><div class=\"uagb-ifb-title-wrap\"><h1 class=\"uagb-ifb-title\">Lemon bottle <br>zs\u00edrbont\u00f3<\/h1><\/div><\/div><\/div><\/div>\n<\/div><\/div>\n\n\n\n<div class=\"wp-block-uagb-container uagb-block-lbqzhfmh alignfull uagb-is-root-container\"><div class=\"uagb-container-inner-blocks-wrap\">\n<div class=\"wp-block-uagb-container uagb-block-y20mpdoy\">\n<div class=\"wp-block-uagb-info-box uagb-block-3puajqgc uagb-infobox__content-wrap  uagb-infobox-icon-above-title uagb-infobox-image-valign-top wp-block-uagb-info-box--has-margin\"><div class=\"uagb-infobox-margin-wrapper\"><div class=\"uagb-ifb-content\"><div class=\"uagb-ifb-title-wrap\"><\/div><p class=\"uagb-ifb-desc\"><strong>Lemon Bottle<\/strong> innovat\u00edv injekt\u00e1lhat\u00f3 megold\u00e1sk\u00e9nt ker\u00fcl forgalomba, amely a zs\u00edrbont\u00e1s nem seb\u00e9szeti megk\u00f6zel\u00edt\u00e9s\u00e9t \u00edg\u00e9ri. Azzal h\u00edvta fel mag\u00e1ra a figyelmet, hogy invaz\u00edv beavatkoz\u00e1sok n\u00e9lk\u00fcl k\u00e9pes a test alakj\u00e1t \u00e9s kont\u00farj\u00e1t megv\u00e1ltoztatni.<br><br>A term\u00e9szetes \u00f6sszetev\u0151k er\u0151teljes kever\u00e9k\u00e9vel a Lemon Bottle zs\u00edrbont\u00f3 injekci\u00f3t kifejezetten arra tervezt\u00e9k, hogy c\u00e9lzottan \u00e9s hat\u00e9konyan lebontsa a zs\u00edrsejteket az olyan k\u00e9nyes ter\u00fcleteken, mint a has, a cs\u00edp\u0151, a combok, az \u00e1ll \u00e9s a karok. Ez a hat\u00e1sos formula nemcsak felgyors\u00edtja a zs\u00edrbont\u00e1st \u00e9s fokozza az anyagcser\u00e9t, hanem t\u00e1mogatja a kollag\u00e9ntermel\u00e9st is, ami elengedhetetlen a b\u0151r rugalmass\u00e1g\u00e1nak \u00e9s feszess\u00e9g\u00e9nek fenntart\u00e1s\u00e1hoz, \u00e9s seg\u00edt cs\u00f6kkenteni a narancsb\u0151r megjelen\u00e9s\u00e9t.<\/p><\/div><\/div><\/div>\n\n\n\n<div class=\"wp-block-uagb-image alignleft uagb-block-lddbgsn5 wp-block-uagb-image--layout-default wp-block-uagb-image--effect-static wp-block-uagb-image--align-left\"><figure class=\"wp-block-uagb-image__figure\"><img decoding=\"async\" srcset=\"https:\/\/sugar-aesthetics.com\/wp-content\/uploads\/2024\/07\/Untitled-1-4.jpg ,https:\/\/sugar-aesthetics.com\/wp-content\/uploads\/2024\/07\/Untitled-1-4.jpg 780w, https:\/\/sugar-aesthetics.com\/wp-content\/uploads\/2024\/07\/Untitled-1-4.jpg 360w\" sizes=\"(max-width: 480px) 150px\" src=\"https:\/\/sugar-aesthetics.com\/wp-content\/uploads\/2024\/07\/Untitled-1-4.jpg\" alt=\"\" class=\"uag-image-1857\" width=\"564\" height=\"376\" title=\"Untitled-1 (4)\" loading=\"lazy\" role=\"img\"\/><\/figure><\/div>\n\n\n\n<div class=\"wp-block-uagb-info-box uagb-block-reebbjbl uagb-infobox__content-wrap  uagb-infobox-icon-above-title uagb-infobox-image-valign-top\"><div class=\"uagb-ifb-content\"><div class=\"uagb-ifb-title-wrap\"><\/div><\/div><\/div>\n<\/div>\n\n\n\n<div class=\"wp-block-uagb-container uagb-block-wbptw3rd\">\n<div class=\"wp-block-uagb-image alignleft uagb-block-mprn0hsx wp-block-uagb-image--layout-default wp-block-uagb-image--effect-static wp-block-uagb-image--align-left\"><figure class=\"wp-block-uagb-image__figure\"><img decoding=\"async\" srcset=\"https:\/\/sugar-aesthetics.com\/wp-content\/uploads\/2024\/07\/Untitled-1-3.jpg ,https:\/\/sugar-aesthetics.com\/wp-content\/uploads\/2024\/07\/Untitled-1-3.jpg 780w, https:\/\/sugar-aesthetics.com\/wp-content\/uploads\/2024\/07\/Untitled-1-3.jpg 360w\" sizes=\"(max-width: 480px) 150px\" src=\"https:\/\/sugar-aesthetics.com\/wp-content\/uploads\/2024\/07\/Untitled-1-3.jpg\" alt=\"\" class=\"uag-image-1855\" width=\"564\" height=\"376\" title=\"Untitled-1 (3)\" loading=\"lazy\" role=\"img\"\/><\/figure><\/div>\n\n\n\n<div class=\"wp-block-uagb-info-box uagb-block-mdf9wrnb uagb-infobox__content-wrap  uagb-infobox-icon-above-title uagb-infobox-image-valign-top wp-block-uagb-info-box--has-margin\"><div class=\"uagb-infobox-margin-wrapper\"><div class=\"uagb-ifb-content\"><div class=\"uagb-ifb-title-wrap\"><\/div><p class=\"uagb-ifb-desc\"><strong>Kulcsfontoss\u00e1g\u00fa \u00f6sszetev\u0151k:<\/strong><br>Riboflavin (B2-vitamin)<br>Lecitin<br>Bromelain<br><br>M\u00e1r egyetlen kezel\u00e9s ut\u00e1n is \u00e9szreveheti a javul\u00e1st. A k\u00edv\u00e1nt eredm\u00e9nyek el\u00e9r\u00e9s\u00e9hez azonban t\u00f6bb kezel\u00e9sre is sz\u00fcks\u00e9g lehet.<br><br>A kezel\u00e9s ut\u00e1n a b\u0151r cs\u00edphet, \u00e9s n\u00e9h\u00e1ny napig fenn\u00e1llhat n\u00e9mi b\u0151rp\u00edr, helyi duzzanat, v\u00e9ral\u00e1fut\u00e1s \u00e9s kellemetlen \u00e9rz\u00e9s az injekci\u00f3 bead\u00e1s\u00e1nak hely\u00e9n. Azt tan\u00e1csoljuk, hogy rendszeresen haszn\u00e1ljon f\u00e9nyv\u00e9d\u0151 kr\u00e9met, \u00e9s 48 \u00f3r\u00e1n kereszt\u00fcl ker\u00fclje a sz\u00e9ls\u0151s\u00e9ges h\u0151s\u00e9get \u00e9s hideget, a napoz\u00e1st, a szaun\u00e1z\u00e1st, a szol\u00e1riumoz\u00e1st \u00e9s az er\u0151teljes testmozg\u00e1st.<br><br><\/p><\/div><\/div><\/div>\n<\/div>\n<\/div><\/div>\n\n\n\n<div class=\"wp-block-uagb-container uagb-block-928336aa alignfull uagb-is-root-container\"><div class=\"uagb-container-inner-blocks-wrap\">\n<p>A Lemon Bottle zs\u00edrbont\u00f3 injekci\u00f3ja mind\u00f6ssze 30 percet vesz ig\u00e9nybe, \u00e9s m\u00e1r 24 \u00f3ra \u00e9s 2 h\u00e9t m\u00falva l\u00e1that\u00f3 eredm\u00e9nyt hoz. A minim\u00e1lis \u00e1ll\u00e1sid\u0151 biztos\u00edtja, hogy \u00d6n gyorsan visszat\u00e9rhessen a megszokott ker\u00e9kv\u00e1g\u00e1sba.<\/p>\n<\/div><\/div>\n\n\n\n<div class=\"wp-block-uagb-info-box uagb-block-00d8fe13 uagb-infobox__content-wrap  uagb-infobox-icon-above-title uagb-infobox-image-valign-top hide_en\"><div class=\"uagb-ifb-content\"><div class=\"uagb-ifb-title-wrap\"><h2 class=\"uagb-ifb-title\">\u00c1rak Konzultaci\u00f3\u00a0Ut\u00e1n<\/h2><\/div><\/div><\/div>\n\n\n\n<div class=\"wp-block-uagb-container hide_hu uagb-block-oeswaqdl alignfull uagb-is-root-container\"><div class=\"uagb-container-inner-blocks-wrap\">\n<div class=\"wp-block-uagb-container uagb-block-6cr2pz64\">\n<div class=\"wp-block-uagb-info-box uagb-block-xbjnvmhy uagb-infobox__content-wrap  uagb-infobox-icon-above-title uagb-infobox-image-valign-top\"><div class=\"uagb-ifb-content\"><div class=\"uagb-ifb-title-wrap\"><h2 class=\"uagb-ifb-title\">\u00c1rak<\/h2><\/div><\/div><\/div>\n<\/div>\n\n\n\n<div class=\"wp-block-uagb-container uagb-block-gqgt3jqd\">\n<div class=\"wp-block-uagb-info-box uagb-block-4ubkqcl9 uagb-infobox__content-wrap  uagb-infobox-icon-above-title uagb-infobox-image-valign-top\"><div class=\"uagb-ifb-content\"><div class=\"uagb-ifb-title-wrap\"><h3 class=\"uagb-ifb-title\">A<strong><strong><strong><strong>rm, Upper Body, Inner Tight:<br>From \u00a3175 \/ Area<\/strong><\/strong><\/strong><\/strong><\/h3><\/div><p class=\"uagb-ifb-desc\">K\u00f6r\u00fclbel\u00fcl 30 perc kezel\u00e9si id\u0151&nbsp;<\/p><\/div><\/div>\n<\/div>\n<\/div><\/div>\n\n\n\n<div class=\"wp-block-uagb-container uagb-block-wtwmwyg9 alignfull uagb-is-root-container\">\n<div class=\"wp-block-uagb-info-box uagb-block-mwbxwbag uagb-infobox__content-wrap  uagb-infobox-icon-above-title uagb-infobox-image-valign-top\"><div class=\"uagb-ifb-content\"><div class=\"uagb-ifb-title-wrap\"><h2 class=\"uagb-ifb-title\">Alkossunk egy\u00fctt<\/h2><\/div><div class=\"uagb-ifb-button-wrapper wp-block-button\"><a href=\"https:\/\/sugar-aesthetics.com\/hu\/book-an-appointment\/\" class=\"uagb-infobox-cta-link wp-block-button__link\" target=\"_self\" rel=\"noopener noreferrer\" onclick=\"return true;\"><span class=\"uagb-inline-editing\">Kezdje el<\/span><svg xmlns=\"https:\/\/www.w3.org\/2000\/svg\" viewbox=\"0 0 512 512\"><path d=\"M504.3 273.6l-112.1 104c-6.992 6.484-17.18 8.218-25.94 4.406c-8.758-3.812-14.42-12.45-14.42-21.1L351.9 288H32C14.33 288 .0002 273.7 .0002 255.1S14.33 224 32 224h319.9l0-72c0-9.547 5.66-18.19 14.42-22c8.754-3.809 18.95-2.075 25.94 4.41l112.1 104C514.6 247.9 514.6 264.1 504.3 273.6z\"><\/path><\/svg><\/a><\/div><\/div><\/div>\n<\/div>","protected":false},"excerpt":{"rendered":"<p>A Lemon Bottle zs\u00edrbont\u00f3 injekci\u00f3ja mind\u00f6ssze 30 percet vesz ig\u00e9nybe, \u00e9s m\u00e1r 24 \u00f3ra \u00e9s 2 h\u00e9t m\u00falva l\u00e1that\u00f3 eredm\u00e9nyt hoz. A minim\u00e1lis \u00e1ll\u00e1sid\u0151 biztos\u00edtja, hogy \u00d6n gyorsan visszat\u00e9rhessen a megszokott ker\u00e9kv\u00e1g\u00e1sba.<\/p>","protected":false},"author":1,"featured_media":0,"parent":0,"menu_order":0,"comment_status":"closed","ping_status":"closed","template":"","meta":{"_uag_custom_page_level_css":"","site-sidebar-layout":"default","site-content-layout":"","ast-site-content-layout":"default","site-content-style":"default","site-sidebar-style":"default","ast-global-header-display":"","ast-banner-title-visibility":"","ast-main-header-display":"","ast-hfb-above-header-display":"","ast-hfb-below-header-display":"","ast-hfb-mobile-header-display":"","site-post-title":"disabled","ast-breadcrumbs-content":"","ast-featured-img":"","footer-sml-layout":"","theme-transparent-header-meta":"","adv-header-id-meta":"","stick-header-meta":"","header-above-stick-meta":"","header-main-stick-meta":"","header-below-stick-meta":"","astra-migrate-meta-layouts":"set","ast-page-background-enabled":"default","ast-page-background-meta":{"desktop":{"background-color":"var(--ast-global-color-4)","background-image":"","background-repeat":"repeat","background-position":"center center","background-size":"auto","background-attachment":"scroll","background-type":"","background-media":"","overlay-type":"","overlay-color":"","overlay-opacity":"","overlay-gradient":""},"tablet":{"background-color":"","background-image":"","background-repeat":"repeat","background-position":"center center","background-size":"auto","background-attachment":"scroll","background-type":"","background-media":"","overlay-type":"","overlay-color":"","overlay-opacity":"","overlay-gradient":""},"mobile":{"background-color":"","background-image":"","background-repeat":"repeat","background-position":"center center","background-size":"auto","background-attachment":"scroll","background-type":"","background-media":"","overlay-type":"","overlay-color":"","overlay-opacity":"","overlay-gradient":""}},"ast-content-background-meta":{"desktop":{"background-color":"var(--ast-global-color-5)","background-image":"","background-repeat":"repeat","background-position":"center center","background-size":"auto","background-attachment":"scroll","background-type":"","background-media":"","overlay-type":"","overlay-color":"","overlay-opacity":"","overlay-gradient":""},"tablet":{"background-color":"var(--ast-global-color-5)","background-image":"","background-repeat":"repeat","background-position":"center center","background-size":"auto","background-attachment":"scroll","background-type":"","background-media":"","overlay-type":"","overlay-color":"","overlay-opacity":"","overlay-gradient":""},"mobile":{"background-color":"var(--ast-global-color-5)","background-image":"","background-repeat":"repeat","background-position":"center center","background-size":"auto","background-attachment":"scroll","background-type":"","background-media":"","overlay-type":"","overlay-color":"","overlay-opacity":"","overlay-gradient":""}},"footnotes":""},"aioseo_notices":[],"uagb_featured_image_src":{"full":false,"thumbnail":false,"medium":false,"medium_large":false,"large":false,"1536x1536":false,"2048x2048":false,"trp-custom-language-flag":false},"uagb_author_info":{"display_name":"mr.phoenix1984@gmail.com","author_link":"https:\/\/sugar-aesthetics.com\/hu\/author\/mr-phoenix1984gmail-com\/"},"uagb_comment_info":0,"uagb_excerpt":"Lemon Bottle\u2019s fat-dissolving injection takes just 30 minutes, with visible results in as little as 24 hours to 2 weeks. Minimal downtime ensures you can get back to your routine swiftly.","_links":{"self":[{"href":"https:\/\/sugar-aesthetics.com\/hu\/wp-json\/wp\/v2\/pages\/1924"}],"collection":[{"href":"https:\/\/sugar-aesthetics.com\/hu\/wp-json\/wp\/v2\/pages"}],"about":[{"href":"https:\/\/sugar-aesthetics.com\/hu\/wp-json\/wp\/v2\/types\/page"}],"author":[{"embeddable":true,"href":"https:\/\/sugar-aesthetics.com\/hu\/wp-json\/wp\/v2\/users\/1"}],"replies":[{"embeddable":true,"href":"https:\/\/sugar-aesthetics.com\/hu\/wp-json\/wp\/v2\/comments?post=1924"}],"version-history":[{"count":15,"href":"https:\/\/sugar-aesthetics.com\/hu\/wp-json\/wp\/v2\/pages\/1924\/revisions"}],"predecessor-version":[{"id":2081,"href":"https:\/\/sugar-aesthetics.com\/hu\/wp-json\/wp\/v2\/pages\/1924\/revisions\/2081"}],"wp:attachment":[{"href":"https:\/\/sugar-aesthetics.com\/hu\/wp-json\/wp\/v2\/media?parent=1924"}],"curies":[{"name":"wp","href":"https:\/\/api.w.org\/{rel}","templated":true}]}}