{"id":1908,"date":"2024-08-26T09:58:55","date_gmt":"2024-08-26T08:58:55","guid":{"rendered":"https:\/\/sugar-aesthetics.com\/?page_id=1908"},"modified":"2024-12-01T07:27:40","modified_gmt":"2024-12-01T07:27:40","slug":"excessive-sweating-hyperhidrosis","status":"publish","type":"page","link":"https:\/\/sugar-aesthetics.com\/hu\/excessive-sweating-hyperhidrosis\/","title":{"rendered":"T\u00falzott izzad\u00e1s (hiperhidr\u00f3zis)"},"content":{"rendered":"<p><\/p>\n\n\n\n<div class=\"wp-block-uagb-container uagb-block-b0srsamp alignfull uagb-is-root-container\"><div class=\"uagb-container-inner-blocks-wrap\">\n<div class=\"wp-block-uagb-info-box uagb-block-jpaoiqry uagb-infobox__content-wrap  uagb-infobox-icon-above-title uagb-infobox-image-valign-top wp-block-uagb-info-box--has-margin\"><div class=\"uagb-infobox-margin-wrapper\"><div class=\"uagb-ifb-content\"><div class=\"uagb-ifb-title-wrap\"><h1 class=\"uagb-ifb-title\">T\u00falzott izzad\u00e1s (hiperhidr\u00f3zis)<\/h1><\/div><\/div><\/div><\/div>\n<\/div><\/div>\n\n\n\n<div class=\"wp-block-uagb-container uagb-block-lbqzhfmh alignfull uagb-is-root-container\"><div class=\"uagb-container-inner-blocks-wrap\">\n<div class=\"wp-block-uagb-container uagb-block-y20mpdoy\">\n<div class=\"wp-block-uagb-info-box uagb-block-3puajqgc uagb-infobox__content-wrap  uagb-infobox-icon-above-title uagb-infobox-image-valign-top wp-block-uagb-info-box--has-margin\"><div class=\"uagb-infobox-margin-wrapper\"><div class=\"uagb-ifb-content\"><div class=\"uagb-ifb-title-wrap\"><\/div><p class=\"uagb-ifb-desc\">T\u00falzott izzad\u00e1ssal k\u00fczd, amely megzavarja a mindennapi \u00e9let\u00e9t? <br><br>A Sugar Aesthetics-n\u00e9l speci\u00e1lis Botox-kezel\u00e9seket k\u00edn\u00e1lunk, amelyek c\u00e9lja a hiperhidr\u00f3zis hat\u00e9kony kezel\u00e9se, \u00edgy \u00f6nbizalmat adunk \u00f6nnek az izzad\u00e1smentes \u00e9lethez.<br><br>Lorant Sugar, k\u00e9pzett orvosunk Botoxot haszn\u00e1l a t\u00falzott izzad\u00e1s\u00e9rt felel\u0151s idegek megc\u00e9lz\u00e1s\u00e1ra \u00e9s \u00e1tmeneti blokkol\u00e1s\u00e1ra. Ez a kezel\u00e9s ide\u00e1lis azok sz\u00e1m\u00e1ra, akik tart\u00f3san izzadnak a h\u00f3naljban, a k\u00e9zben vagy a l\u00e1bon, \u00e9s ak\u00e1r hat h\u00f3napig tart\u00f3 enyh\u00fcl\u00e9st biztos\u00edt.<br><br>Tapasztalja meg a k\u00e9nyelem \u00e9s a magabiztoss\u00e1g fokoz\u00e1s\u00e1t a Sugar Aesthetics hiperhidr\u00f3zis kezel\u00e9s\u00e9vel. Id\u0151z\u00edtse konzult\u00e1ci\u00f3j\u00e1t Lorant Sugarral m\u00e9g ma, \u00e9s tegye meg az els\u0151 l\u00e9p\u00e9st a sz\u00e1razabb, magabiztosabb \u00d6n fel\u00e9!<br><br><\/p><\/div><\/div><\/div>\n<\/div>\n\n\n\n<div class=\"wp-block-uagb-container uagb-block-wbptw3rd\">\n<div class=\"wp-block-uagb-image alignleft uagb-block-mprn0hsx wp-block-uagb-image--layout-default wp-block-uagb-image--effect-static wp-block-uagb-image--align-left\"><figure class=\"wp-block-uagb-image__figure\"><img decoding=\"async\" srcset=\"https:\/\/sugar-aesthetics.com\/wp-content\/uploads\/2024\/08\/woman-stretching-2023-11-27-05-30-56-utc-1-1024x683.jpg ,https:\/\/sugar-aesthetics.com\/wp-content\/uploads\/2024\/08\/woman-stretching-2023-11-27-05-30-56-utc-1-scaled.jpg 780w, https:\/\/sugar-aesthetics.com\/wp-content\/uploads\/2024\/08\/woman-stretching-2023-11-27-05-30-56-utc-1-scaled.jpg 360w\" sizes=\"(max-width: 480px) 150px\" src=\"https:\/\/sugar-aesthetics.com\/wp-content\/uploads\/2024\/08\/woman-stretching-2023-11-27-05-30-56-utc-1-1024x683.jpg\" alt=\"\" class=\"uag-image-1909\" width=\"564\" height=\"376\" title=\"woman-stretching-2023-11-27-05-30-56-utc (1)\" loading=\"lazy\" role=\"img\"\/><\/figure><\/div>\n<\/div>\n<\/div><\/div>\n\n\n\n<div class=\"wp-block-uagb-info-box uagb-block-00d8fe13 uagb-infobox__content-wrap  uagb-infobox-icon-above-title uagb-infobox-image-valign-top hide_en\"><div class=\"uagb-ifb-content\"><div class=\"uagb-ifb-title-wrap\"><h2 class=\"uagb-ifb-title\">\u00c1rak Konzultaci\u00f3\u00a0Ut\u00e1n<\/h2><\/div><\/div><\/div>\n\n\n\n<div class=\"wp-block-uagb-container hide_hu uagb-block-oeswaqdl alignfull uagb-is-root-container\"><div class=\"uagb-container-inner-blocks-wrap\">\n<div class=\"wp-block-uagb-container uagb-block-6cr2pz64\">\n<div class=\"wp-block-uagb-info-box uagb-block-xbjnvmhy uagb-infobox__content-wrap  uagb-infobox-icon-above-title uagb-infobox-image-valign-top\"><div class=\"uagb-ifb-content\"><div class=\"uagb-ifb-title-wrap\"><h2 class=\"uagb-ifb-title\">\u00c1rak<\/h2><\/div><\/div><\/div>\n<\/div>\n\n\n\n<div class=\"wp-block-uagb-container uagb-block-gqgt3jqd\">\n<div class=\"wp-block-uagb-info-box uagb-block-tauworcl uagb-infobox__content-wrap  uagb-infobox-icon-above-title uagb-infobox-image-valign-top\"><div class=\"uagb-ifb-content\"><div class=\"uagb-ifb-title-wrap\"><h3 class=\"uagb-ifb-title\"><strong>Excessive sweating (Hyperhidrosis) with allergan botox treatment: <\/strong><br>From <strong>\u00a3390<\/strong><\/h3><\/div><p class=\"uagb-ifb-desc\">K\u00f6r\u00fclbel\u00fcl 30 perc kezel\u00e9si id\u0151&nbsp;<\/p><\/div><\/div>\n<\/div>\n<\/div><\/div>\n\n\n\n<div class=\"wp-block-uagb-container uagb-block-wtwmwyg9 alignfull uagb-is-root-container\">\n<div class=\"wp-block-uagb-info-box uagb-block-mwbxwbag uagb-infobox__content-wrap  uagb-infobox-icon-above-title uagb-infobox-image-valign-top\"><div class=\"uagb-ifb-content\"><div class=\"uagb-ifb-title-wrap\"><h2 class=\"uagb-ifb-title\">Alkossunk egy\u00fctt<\/h2><\/div><div class=\"uagb-ifb-button-wrapper wp-block-button\"><a href=\"https:\/\/sugar-aesthetics.com\/hu\/book-an-appointment\/\" class=\"uagb-infobox-cta-link wp-block-button__link\" target=\"_self\" rel=\"noopener noreferrer\" onclick=\"return true;\"><span class=\"uagb-inline-editing\">Kezdje el<\/span><svg xmlns=\"https:\/\/www.w3.org\/2000\/svg\" viewbox=\"0 0 512 512\"><path d=\"M504.3 273.6l-112.1 104c-6.992 6.484-17.18 8.218-25.94 4.406c-8.758-3.812-14.42-12.45-14.42-21.1L351.9 288H32C14.33 288 .0002 273.7 .0002 255.1S14.33 224 32 224h319.9l0-72c0-9.547 5.66-18.19 14.42-22c8.754-3.809 18.95-2.075 25.94 4.41l112.1 104C514.6 247.9 514.6 264.1 504.3 273.6z\"><\/path><\/svg><\/a><\/div><\/div><\/div>\n<\/div>","protected":false},"excerpt":{"rendered":"","protected":false},"author":1,"featured_media":0,"parent":0,"menu_order":0,"comment_status":"closed","ping_status":"closed","template":"","meta":{"_uag_custom_page_level_css":"","site-sidebar-layout":"default","site-content-layout":"","ast-site-content-layout":"default","site-content-style":"default","site-sidebar-style":"default","ast-global-header-display":"","ast-banner-title-visibility":"","ast-main-header-display":"","ast-hfb-above-header-display":"","ast-hfb-below-header-display":"","ast-hfb-mobile-header-display":"","site-post-title":"disabled","ast-breadcrumbs-content":"","ast-featured-img":"","footer-sml-layout":"","theme-transparent-header-meta":"","adv-header-id-meta":"","stick-header-meta":"","header-above-stick-meta":"","header-main-stick-meta":"","header-below-stick-meta":"","astra-migrate-meta-layouts":"set","ast-page-background-enabled":"default","ast-page-background-meta":{"desktop":{"background-color":"var(--ast-global-color-4)","background-image":"","background-repeat":"repeat","background-position":"center center","background-size":"auto","background-attachment":"scroll","background-type":"","background-media":"","overlay-type":"","overlay-color":"","overlay-opacity":"","overlay-gradient":""},"tablet":{"background-color":"","background-image":"","background-repeat":"repeat","background-position":"center center","background-size":"auto","background-attachment":"scroll","background-type":"","background-media":"","overlay-type":"","overlay-color":"","overlay-opacity":"","overlay-gradient":""},"mobile":{"background-color":"","background-image":"","background-repeat":"repeat","background-position":"center center","background-size":"auto","background-attachment":"scroll","background-type":"","background-media":"","overlay-type":"","overlay-color":"","overlay-opacity":"","overlay-gradient":""}},"ast-content-background-meta":{"desktop":{"background-color":"var(--ast-global-color-5)","background-image":"","background-repeat":"repeat","background-position":"center center","background-size":"auto","background-attachment":"scroll","background-type":"","background-media":"","overlay-type":"","overlay-color":"","overlay-opacity":"","overlay-gradient":""},"tablet":{"background-color":"var(--ast-global-color-5)","background-image":"","background-repeat":"repeat","background-position":"center center","background-size":"auto","background-attachment":"scroll","background-type":"","background-media":"","overlay-type":"","overlay-color":"","overlay-opacity":"","overlay-gradient":""},"mobile":{"background-color":"var(--ast-global-color-5)","background-image":"","background-repeat":"repeat","background-position":"center center","background-size":"auto","background-attachment":"scroll","background-type":"","background-media":"","overlay-type":"","overlay-color":"","overlay-opacity":"","overlay-gradient":""}},"footnotes":""},"aioseo_notices":[],"uagb_featured_image_src":{"full":false,"thumbnail":false,"medium":false,"medium_large":false,"large":false,"1536x1536":false,"2048x2048":false,"trp-custom-language-flag":false},"uagb_author_info":{"display_name":"mr.phoenix1984@gmail.com","author_link":"https:\/\/sugar-aesthetics.com\/hu\/author\/mr-phoenix1984gmail-com\/"},"uagb_comment_info":0,"uagb_excerpt":null,"_links":{"self":[{"href":"https:\/\/sugar-aesthetics.com\/hu\/wp-json\/wp\/v2\/pages\/1908"}],"collection":[{"href":"https:\/\/sugar-aesthetics.com\/hu\/wp-json\/wp\/v2\/pages"}],"about":[{"href":"https:\/\/sugar-aesthetics.com\/hu\/wp-json\/wp\/v2\/types\/page"}],"author":[{"embeddable":true,"href":"https:\/\/sugar-aesthetics.com\/hu\/wp-json\/wp\/v2\/users\/1"}],"replies":[{"embeddable":true,"href":"https:\/\/sugar-aesthetics.com\/hu\/wp-json\/wp\/v2\/comments?post=1908"}],"version-history":[{"count":18,"href":"https:\/\/sugar-aesthetics.com\/hu\/wp-json\/wp\/v2\/pages\/1908\/revisions"}],"predecessor-version":[{"id":2078,"href":"https:\/\/sugar-aesthetics.com\/hu\/wp-json\/wp\/v2\/pages\/1908\/revisions\/2078"}],"wp:attachment":[{"href":"https:\/\/sugar-aesthetics.com\/hu\/wp-json\/wp\/v2\/media?parent=1908"}],"curies":[{"name":"wp","href":"https:\/\/api.w.org\/{rel}","templated":true}]}}