{"id":1874,"date":"2024-07-16T07:41:20","date_gmt":"2024-07-16T07:41:20","guid":{"rendered":"https:\/\/sugar-aesthetics.com\/?page_id=1874"},"modified":"2024-12-01T07:30:05","modified_gmt":"2024-12-01T07:30:05","slug":"dermal-filler-treatments","status":"publish","type":"page","link":"https:\/\/sugar-aesthetics.com\/hu\/dermal-filler-treatments\/","title":{"rendered":"B\u0151rfelt\u00f6lt\u0151 kezel\u00e9sek"},"content":{"rendered":"<p><\/p>\n\n\n\n<div class=\"wp-block-uagb-container uagb-block-b0srsamp alignfull uagb-is-root-container\"><div class=\"uagb-container-inner-blocks-wrap\">\n<div class=\"wp-block-uagb-info-box uagb-block-jpaoiqry uagb-infobox__content-wrap  uagb-infobox-icon-above-title uagb-infobox-image-valign-top wp-block-uagb-info-box--has-margin\"><div class=\"uagb-infobox-margin-wrapper\"><div class=\"uagb-ifb-content\"><div class=\"uagb-ifb-title-wrap\"><h1 class=\"uagb-ifb-title\">B\u0151rfelt\u00f6lt\u0151 kezel\u00e9sek<\/h1><\/div><\/div><\/div><\/div>\n<\/div><\/div>\n\n\n\n<div class=\"wp-block-uagb-container uagb-block-lbqzhfmh alignfull uagb-is-root-container\"><div class=\"uagb-container-inner-blocks-wrap\">\n<div class=\"wp-block-uagb-container uagb-block-y20mpdoy\">\n<div class=\"wp-block-uagb-info-box uagb-block-3puajqgc uagb-infobox__content-wrap  uagb-infobox-icon-above-title uagb-infobox-image-valign-top wp-block-uagb-info-box--has-margin\"><div class=\"uagb-infobox-margin-wrapper\"><div class=\"uagb-ifb-content\"><div class=\"uagb-ifb-title-wrap\"><\/div><p class=\"uagb-ifb-desc\"><br>A b\u0151rfelt\u00f6lt\u0151 egy szintetikus anyag, amelyet a b\u0151r felsz\u00ednes dermisz ter\u00fclet\u00e9re fecskendeznek a fiatalosabb megjelen\u00e9s el\u00e9r\u00e9se \u00e9rdek\u00e9ben. Csak 22 \u00e9ves vagy ann\u00e1l id\u0151sebb szem\u00e9lyek sz\u00e1m\u00e1ra enged\u00e9lyezett.<br><br>A j\u00f3v\u00e1hagyott felhaszn\u00e1l\u00e1si m\u00f3dok k\u00f6z\u00e9 tartoznak:<br><br>                - A k\u00f6zepes \u00e9s s\u00falyosabb arcr\u00e1ncok \u00e9s b\u0151rred\u0151k, p\u00e9ld\u00e1ul a nasolabialis r\u00e1ncok \u00e9s a marionett-vonalak korrig\u00e1l\u00e1sa.<br><br>                - Az ajkak, az arcok, az \u00e1ll, a szem alatti m\u00e9lyed\u00e9sek, az \u00e1llkapocsvonal \u00e9s a k\u00e9zfejek n\u00f6vekv\u0151 telts\u00e9ge.<br>            <\/p><\/div><\/div><\/div>\n\n\n\n<div class=\"wp-block-uagb-image alignleft uagb-block-lddbgsn5 wp-block-uagb-image--layout-default wp-block-uagb-image--effect-static wp-block-uagb-image--align-left\"><figure class=\"wp-block-uagb-image__figure\"><img decoding=\"async\" srcset=\"https:\/\/sugar-aesthetics.com\/wp-content\/uploads\/2024\/07\/Untitled-1-4.jpg ,https:\/\/sugar-aesthetics.com\/wp-content\/uploads\/2024\/07\/Untitled-1-4.jpg 780w, https:\/\/sugar-aesthetics.com\/wp-content\/uploads\/2024\/07\/Untitled-1-4.jpg 360w\" sizes=\"(max-width: 480px) 150px\" src=\"https:\/\/sugar-aesthetics.com\/wp-content\/uploads\/2024\/07\/Untitled-1-4.jpg\" alt=\"\" class=\"uag-image-1857\" width=\"564\" height=\"376\" title=\"Untitled-1 (4)\" loading=\"lazy\" role=\"img\"\/><\/figure><\/div>\n\n\n\n<div class=\"wp-block-uagb-info-box uagb-block-reebbjbl uagb-infobox__content-wrap  uagb-infobox-icon-above-title uagb-infobox-image-valign-top\"><div class=\"uagb-ifb-content\"><div class=\"uagb-ifb-title-wrap\"><\/div><p class=\"uagb-ifb-desc\">A b\u0151rfelt\u00f6lt\u0151 anyagok nagyszer\u0171ek mindazok sz\u00e1m\u00e1ra, akik vissza akarj\u00e1k \u00e1ll\u00edtani arcuk sima \u00e9s fiatalos form\u00e1j\u00e1t. A b\u0151rfelt\u00f6lt\u0151 egy egyszer\u0171 elj\u00e1r\u00e1s, amely n\u00f6velheti az arc, az ajkak \u00e9s az \u00e1ll ter\u00fclet\u00e9nek t\u00e9rfogat\u00e1t, \u00edgy fiatalabbnak \u00e9s eg\u00e9szs\u00e9gesebbnek t\u0171nhet. B\u00e1r egyes term\u00e9kek hosszabb ideig tartanak, mint m\u00e1sok, mindegyik 4-6 havonta rendszeres \u00fajrat\u00f6lt\u00e9st ig\u00e9nyel. Az ilyen t\u00edpus\u00fa kezel\u00e9sek nem mindenki sz\u00e1m\u00e1ra alkalmasak, \u00e9s mindenk\u00e9ppen t\u00e1j\u00e9koztatni fogom \u00d6nt az esetleges kock\u00e1zatokr\u00f3l, ha a b\u0151rfelt\u00f6lt\u00e9s mellett d\u00f6nt, \u00edgy egy\u00fctt dolgozhatunk egy szem\u00e9lyre szabott kezel\u00e9si terv kialak\u00edt\u00e1s\u00e1n, amely seg\u00edt a k\u00edv\u00e1nt eredm\u00e9nyek el\u00e9r\u00e9s\u00e9ben.<br><br>Ha b\u00e1rmilyen k\u00e9rd\u00e9se van a b\u0151rfelt\u00f6lt\u00e9ssel kapcsolatban, k\u00e9rem, ne habozzon kapcsolatba l\u00e9pni velem, \u00e9s sz\u00edvesen v\u00e1laszolok minden k\u00e9rd\u00e9s\u00e9re.<\/p><\/div><\/div>\n<\/div>\n\n\n\n<div class=\"wp-block-uagb-container uagb-block-wbptw3rd\">\n<div class=\"wp-block-uagb-image alignleft uagb-block-mprn0hsx wp-block-uagb-image--layout-default wp-block-uagb-image--effect-static wp-block-uagb-image--align-left\"><figure class=\"wp-block-uagb-image__figure\"><img decoding=\"async\" srcset=\"https:\/\/sugar-aesthetics.com\/wp-content\/uploads\/2024\/07\/Untitled-1-3.jpg ,https:\/\/sugar-aesthetics.com\/wp-content\/uploads\/2024\/07\/Untitled-1-3.jpg 780w, https:\/\/sugar-aesthetics.com\/wp-content\/uploads\/2024\/07\/Untitled-1-3.jpg 360w\" sizes=\"(max-width: 480px) 150px\" src=\"https:\/\/sugar-aesthetics.com\/wp-content\/uploads\/2024\/07\/Untitled-1-3.jpg\" alt=\"\" class=\"uag-image-1855\" width=\"564\" height=\"376\" title=\"Untitled-1 (3)\" loading=\"lazy\" role=\"img\"\/><\/figure><\/div>\n\n\n\n<div class=\"wp-block-uagb-info-box uagb-block-mdf9wrnb uagb-infobox__content-wrap  uagb-infobox-icon-above-title uagb-infobox-image-valign-top wp-block-uagb-info-box--has-margin\"><div class=\"uagb-infobox-margin-wrapper\"><div class=\"uagb-ifb-content\"><div class=\"uagb-ifb-title-wrap\"><\/div><p class=\"uagb-ifb-desc\">A b\u0151rfelt\u00f6lt\u0151 anyag haszn\u00e1lata hat\u00e9kony kezel\u00e9si m\u00f3dszer sz\u00e1mos, az arc t\u00e9rfogatveszt\u00e9s\u00e9vel \u00e9s a r\u00e1ncokkal kapcsolatos \u00e1llapot kezel\u00e9s\u00e9re. A term\u00e9kek \u00e9s kozmetikai indik\u00e1ci\u00f3k sz\u00e9les sk\u00e1l\u00e1ja \u00e1ll rendelkez\u00e9sre, hogy megfeleljen az \u00d6n ig\u00e9nyeinek, \u00e9s mind az arc \u00e9s a test k\u00fcl\u00f6nb\u00f6z\u0151 ter\u00fcleteire vonatkozik.<br><br>Az FDA csak egy olyan term\u00e9ket hagyott j\u00f3v\u00e1, amely olyan anyagb\u00f3l k\u00e9sz\u00fclt, amely felsz\u00edv\u00f3d\u00e1s n\u00e9lk\u00fcl a szervezetben marad. B\u00e1rmely m\u00e1s l\u00e1gysz\u00f6veti t\u00f6lt\u0151anyagnak csak \u00e1tmeneti hat\u00e1sa van, mivel \u00f6sszetev\u0151ik egy r\u00e9sze id\u0151vel felsz\u00edv\u00f3dik a szervezetben.<br><br>Egyes kollag\u00e9nt \u00e9s hialuronsavat tartalmaz\u00f3 term\u00e9kekhez lidokaint is adnak, hogy cs\u00f6kkents\u00e9k az injekci\u00f3 okozta kellemetlens\u00e9geket.<br><\/p><\/div><\/div><\/div>\n\n\n\n<div class=\"wp-block-uagb-image alignleft uagb-block-d4ac40db wp-block-uagb-image--layout-default wp-block-uagb-image--effect-static wp-block-uagb-image--align-left\"><figure class=\"wp-block-uagb-image__figure\"><img decoding=\"async\" srcset=\"https:\/\/sugar-aesthetics.com\/wp-content\/uploads\/2024\/08\/smile-1024x683.jpg ,https:\/\/sugar-aesthetics.com\/wp-content\/uploads\/2024\/08\/smile-scaled.jpg 780w, https:\/\/sugar-aesthetics.com\/wp-content\/uploads\/2024\/08\/smile-scaled.jpg 360w\" sizes=\"(max-width: 480px) 150px\" src=\"https:\/\/sugar-aesthetics.com\/wp-content\/uploads\/2024\/08\/smile-1024x683.jpg\" alt=\"\" class=\"uag-image-1900\" width=\"564\" height=\"376\" title=\"smile\" loading=\"lazy\" role=\"img\"\/><\/figure><\/div>\n<\/div>\n<\/div><\/div>\n\n\n\n<div class=\"wp-block-uagb-info-box uagb-block-00d8fe13 uagb-infobox__content-wrap  uagb-infobox-icon-above-title uagb-infobox-image-valign-top hide_en\"><div class=\"uagb-ifb-content\"><div class=\"uagb-ifb-title-wrap\"><h2 class=\"uagb-ifb-title\">\u00c1rak Konzultaci\u00f3\u00a0Ut\u00e1n<\/h2><\/div><\/div><\/div>\n\n\n\n<div class=\"wp-block-uagb-container hide_hu uagb-block-oeswaqdl alignfull uagb-is-root-container\"><div class=\"uagb-container-inner-blocks-wrap\">\n<div class=\"wp-block-uagb-container uagb-block-6cr2pz64\">\n<div class=\"wp-block-uagb-info-box uagb-block-xbjnvmhy uagb-infobox__content-wrap  uagb-infobox-icon-above-title uagb-infobox-image-valign-top\"><div class=\"uagb-ifb-content\"><div class=\"uagb-ifb-title-wrap\"><h2 class=\"uagb-ifb-title\">\u00c1rak<\/h2><\/div><\/div><\/div>\n<\/div>\n\n\n\n<div class=\"wp-block-uagb-container uagb-block-gqgt3jqd\">\n<div class=\"wp-block-uagb-info-box uagb-block-tauworcl uagb-infobox__content-wrap  uagb-infobox-icon-above-title uagb-infobox-image-valign-top\"><div class=\"uagb-ifb-content\"><div class=\"uagb-ifb-title-wrap\"><h3 class=\"uagb-ifb-title\"><strong><strong>Ajak felt\u00f6lt\u00e9s <\/strong><\/strong>: <br>From <strong>\u00a3195<\/strong><\/h3><\/div><p class=\"uagb-ifb-desc\">K\u00f6r\u00fclbel\u00fcl 15-20 perc kezel\u00e9si id\u0151&nbsp;<\/p><\/div><\/div>\n\n\n\n<div class=\"wp-block-uagb-info-box uagb-block-4ubkqcl9 uagb-infobox__content-wrap  uagb-infobox-icon-above-title uagb-infobox-image-valign-top\"><div class=\"uagb-ifb-content\"><div class=\"uagb-ifb-title-wrap\"><h3 class=\"uagb-ifb-title\"><strong><strong>Chin: <\/strong><\/strong><br>From <strong><strong><strong>\u00a3195<\/strong><\/strong><\/strong><\/h3><\/div><p class=\"uagb-ifb-desc\">K\u00f6r\u00fclbel\u00fcl 20-25 perc kezel\u00e9si id\u0151&nbsp;<\/p><\/div><\/div>\n\n\n\n<div class=\"wp-block-uagb-info-box uagb-block-u16rks8d uagb-infobox__content-wrap  uagb-infobox-icon-above-title uagb-infobox-image-valign-top\"><div class=\"uagb-ifb-content\"><div class=\"uagb-ifb-title-wrap\"><h3 class=\"uagb-ifb-title\"><strong><strong>Marionette lines:<br>From&nbsp;\u00a32<\/strong><\/strong>45<\/h3><\/div><p class=\"uagb-ifb-desc\">K\u00f6r\u00fclbel\u00fcl 30-35 perc kezel\u00e9si id\u0151<\/p><\/div><\/div>\n<\/div>\n\n\n\n<div class=\"wp-block-uagb-container uagb-block-45b98f1d\">\n<div class=\"wp-block-uagb-info-box uagb-block-a7a12d5b uagb-infobox__content-wrap  uagb-infobox-icon-above-title uagb-infobox-image-valign-top\"><div class=\"uagb-ifb-content\"><div class=\"uagb-ifb-title-wrap\"><h3 class=\"uagb-ifb-title\"><strong>Nasolabial lines<\/strong>: <br>From <strong>\u00a3220<\/strong><\/h3><\/div><p class=\"uagb-ifb-desc\">K\u00f6r\u00fclbel\u00fcl 15-20 perc kezel\u00e9si id\u0151&nbsp;<\/p><\/div><\/div>\n\n\n\n<div class=\"wp-block-uagb-info-box uagb-block-90bfdd7b uagb-infobox__content-wrap  uagb-infobox-icon-above-title uagb-infobox-image-valign-top\"><div class=\"uagb-ifb-content\"><div class=\"uagb-ifb-title-wrap\"><h3 class=\"uagb-ifb-title\"><strong><strong>Jaw line correction: <\/strong><\/strong><br>From <strong><strong><strong>\u00a3<\/strong>3<\/strong>95<\/strong><\/h3><\/div><p class=\"uagb-ifb-desc\">K\u00f6r\u00fclbel\u00fcl 45 perc kezel\u00e9si id\u0151&nbsp;<\/p><\/div><\/div>\n\n\n\n<div class=\"wp-block-uagb-info-box uagb-block-5de81086 uagb-infobox__content-wrap  uagb-infobox-icon-above-title uagb-infobox-image-valign-top\"><div class=\"uagb-ifb-content\"><div class=\"uagb-ifb-title-wrap\"><h3 class=\"uagb-ifb-title\">Cheeks<strong><strong>: <\/strong><\/strong><br>From <strong><strong><strong>\u00a3<\/strong>295<\/strong><\/strong><\/h3><\/div><p class=\"uagb-ifb-desc\">K\u00f6r\u00fclbel\u00fcl 45 perc kezel\u00e9si id\u0151&nbsp;<\/p><\/div><\/div>\n<\/div>\n<\/div><\/div>\n\n\n\n<div class=\"wp-block-uagb-container uagb-block-b3660be3 alignfull uagb-is-root-container\"><div class=\"uagb-container-inner-blocks-wrap\">\n<h2 class=\"wp-block-heading\">AJAK FELT\u00d6LT\u00c9S&nbsp;<\/h2>\n\n\n\n<p>Ajak felt\u00f6lt\u00e9s Relife term\u00e9kekkel. Az ajakfelt\u00f6lt\u00e9s egy olyan kozmetikai elj\u00e1r\u00e1s, amely\nteltebb, fiatalosabbnak t\u0171n\u0151 ajkakat eredm\u00e9nyez. Az ajakfelt\u00f6lt\u00e9snek k\u00fcl\u00f6nb\u00f6z\u0151\nt\u00edpusai l\u00e9teznek az \u00d6n ig\u00e9nyeinek \u00e9s c\u00e9ljainak megfelel\u0151en amikor t\u00f6lt\u0151anyagokat\nhaszn\u00e1lok az ajkak ideiglenes felt\u00f6lt\u00e9s\u00e9re. Az ajakfelt\u00f6lt\u0151 anyagok nem tart\u00f3sak.\nId\u0151vel lassan elhaszn\u00e1l\u00f3dnak, \u00e1ltal\u00e1ban 10-12 h\u00f3nappal az \u00d6n anyagcser\u00e9j\u00e9t\u0151l\nf\u00fcgg\u0151en. El\u0151fordulhat, hogy rutinszer\u0171 ut\u00f3kezel\u00e9sekre lesz sz\u00fcks\u00e9ge a k\u00edv\u00e1nt\nt\u00e9rfogat fenntart\u00e1s\u00e1hoz.<\/p>\n<\/div><\/div>\n\n\n\n<div class=\"wp-block-uagb-container uagb-block-26fc7627 alignfull uagb-is-root-container\"><div class=\"uagb-container-inner-blocks-wrap\">\n<h2 class=\"wp-block-heading\">NASOLABIALIS RED\u0150K KEZEL\u00c9SE&nbsp;<\/h2>\n\n\n\n<p>\u00dagy m\u0171k\u00f6dnek, hogy \"felt\u00f6ltik\" a b\u0151rfel\u00fcletet, \u00edgy a finom vonalak \u00e9s a m\u00e9ly r\u00e1ncok sim\u00e1bbnak t\u0171nnek. A t\u00f6lt\u0151anyagok minden t\u00edpusa seg\u00edt stimul\u00e1lni a kollag\u00e9nt, a b\u0151r felp\u00faposod\u00e1s\u00e1t el\u0151seg\u00edt\u0151 feh\u00e9rj\u00e9t, amelyet az \u00e9letkor el\u0151rehaladt\u00e1val term\u00e9szetes m\u00f3don vesz\u00edt\u00fcnk. A nasolabialis r\u00e1ncok eset\u00e9ben leggyakrabban alkalmazott t\u00f6lt\u0151anyagok hialuronsavat tartalmaznak. Az orrmell\u00e9kred\u0151-fillerek olyan b\u0151rfelt\u00f6lt\u0151 anyagok, amelyek kit\u00f6ltik \u00e9s felt\u00f6ltik azokat a r\u00e1ncokat, amelyeket az orron lefel\u00e9 haladva a sz\u00e1j sarka fel\u00e9 l\u00e1tunk. A kor \u00e9s a mosolyg\u00e1s miatt alakulnak ki, ez\u00e9rt nevezik nevet\u0151r\u00e1ncoknak vagy mosolyr\u00e1ncoknak.<\/p>\n<\/div><\/div>\n\n\n\n<div class=\"wp-block-uagb-container uagb-block-07bf567e alignfull uagb-is-root-container\"><div class=\"uagb-container-inner-blocks-wrap\">\n<h2 class=\"wp-block-heading\">B\u0150RER\u0150S\u00cdT\u0150 KEZEL\u00c9S&nbsp;<\/h2>\n\n\n\n<p>B\u0151rer\u0151s\u00edt\u0151 kezel\u00e9s els\u0151 kezel\u00e9s. A b\u0151rt t\u00e1pl\u00e1l\u00f3 hialuronsavat \u00e9s aminosavak kever\u00e9k\u00e9t tartalmaz\u00f3 folyad\u00e9kot az eg\u00e9szs\u00e9g\u00fcgyi szakember a b\u0151r felsz\u00edne al\u00e1 injekt\u00e1lja. Az injekci\u00f3kat \u00e1ltal\u00e1ban h\u00e1rom \u00fcl\u00e9sben, k\u00e9t-h\u00e1rom h\u00e9t k\u00fcl\u00f6nbs\u00e9ggel adj\u00e1k be. A hat\u00e1s fenntart\u00e1sa \u00e9rdek\u00e9ben h\u00e1rom-hat h\u00f3nap eltelt\u00e9vel egy eml\u00e9keztet\u0151 kezel\u00e9s aj\u00e1nlott.<\/p>\n<\/div><\/div>\n\n\n\n<div class=\"wp-block-uagb-container uagb-block-ae4f6b7a alignfull uagb-is-root-container\"><div class=\"uagb-container-inner-blocks-wrap\">\n<h2 class=\"wp-block-heading\">\u00c1LLKAPOCS VONAL T\u00d6LT\u0150ANYAGOK&nbsp;<\/h2>\n\n\n\n<p>Az \u00e1llkapocs t\u00f6lt\u0151anyagokkal t\u00f6rt\u00e9n\u0151 kezel\u00e9s nagyon alacsony kock\u00e1zat\u00fa lehet\u0151s\u00e9g az \u00e1llkapocs kont\u00farj\u00e1nak meghat\u00e1roz\u00e1s\u00e1ra. Az elj\u00e1r\u00e1s k\u00f6r\u00fclbel\u00fcl 15-20 percet vesz ig\u00e9nybe, \u00e9s a hat\u00e1s ak\u00e1r 6 h\u00f3napig is tarthat. A minim\u00e1lisan invaz\u00edv kezel\u00e9s sor\u00e1n kiv\u00e1l\u00f3 min\u0151s\u00e9g\u0171 hialuronsavat fecskendeznek pontosan az \u00e1llkapocscsont \u00e9s a felh\u00e1m k\u00f6z\u00e9.<\/p>\n<\/div><\/div>\n\n\n\n<div class=\"wp-block-uagb-container uagb-block-57ca5437 alignfull uagb-is-root-container\"><div class=\"uagb-container-inner-blocks-wrap\">\n<h2 class=\"wp-block-heading\">CHEEK FILLER&nbsp;<\/h2>\n\n\n\n<p>A Cheek Filler egy injekci\u00f3s kezel\u00e9s, amelynek c\u00e9lja, hogy helyre\u00e1ll\u00edtsa az arccsont k\u00f6r\u00fcli ter\u00fclet elveszett t\u00e9rfogat\u00e1t. A kezel\u00e9s az arcot is megemeli, \u00edgy az arc kont\u00farosabb megjelen\u00e9s\u0171v\u00e9 v\u00e1lik.<\/p>\n<\/div><\/div>\n\n\n\n<div class=\"wp-block-uagb-container uagb-block-wtwmwyg9 alignfull uagb-is-root-container\">\n<div class=\"wp-block-uagb-info-box uagb-block-mwbxwbag uagb-infobox__content-wrap  uagb-infobox-icon-above-title uagb-infobox-image-valign-top\"><div class=\"uagb-ifb-content\"><div class=\"uagb-ifb-title-wrap\"><h2 class=\"uagb-ifb-title\">Alkossunk egy\u00fctt<\/h2><\/div><div class=\"uagb-ifb-button-wrapper wp-block-button\"><a href=\"https:\/\/sugar-aesthetics.com\/hu\/book-an-appointment\/\" class=\"uagb-infobox-cta-link wp-block-button__link\" target=\"_self\" rel=\"noopener noreferrer\" onclick=\"return true;\"><span class=\"uagb-inline-editing\">Kezdje el<\/span><svg xmlns=\"https:\/\/www.w3.org\/2000\/svg\" viewbox=\"0 0 512 512\"><path d=\"M504.3 273.6l-112.1 104c-6.992 6.484-17.18 8.218-25.94 4.406c-8.758-3.812-14.42-12.45-14.42-21.1L351.9 288H32C14.33 288 .0002 273.7 .0002 255.1S14.33 224 32 224h319.9l0-72c0-9.547 5.66-18.19 14.42-22c8.754-3.809 18.95-2.075 25.94 4.41l112.1 104C514.6 247.9 514.6 264.1 504.3 273.6z\"><\/path><\/svg><\/a><\/div><\/div><\/div>\n<\/div>","protected":false},"excerpt":{"rendered":"<p>LIP AUGMENATION PROCEDURE&nbsp; Lip augmentation with Relife products. Lip augmentation is an in-office cosmetic procedure that creates fuller, more youthful-looking lips. There are different types of lip augmentation to fit your needs and goals. Some procedures are nonsurgical, using fillers to plump up the lips temporarily. Lip fillers aren\u2019t permanent. They slowly wear away over [&hellip;]<\/p>\n","protected":false},"author":1,"featured_media":0,"parent":0,"menu_order":0,"comment_status":"closed","ping_status":"closed","template":"","meta":{"_uag_custom_page_level_css":"","site-sidebar-layout":"default","site-content-layout":"","ast-site-content-layout":"default","site-content-style":"default","site-sidebar-style":"default","ast-global-header-display":"","ast-banner-title-visibility":"","ast-main-header-display":"","ast-hfb-above-header-display":"","ast-hfb-below-header-display":"","ast-hfb-mobile-header-display":"","site-post-title":"disabled","ast-breadcrumbs-content":"","ast-featured-img":"","footer-sml-layout":"","theme-transparent-header-meta":"","adv-header-id-meta":"","stick-header-meta":"","header-above-stick-meta":"","header-main-stick-meta":"","header-below-stick-meta":"","astra-migrate-meta-layouts":"set","ast-page-background-enabled":"default","ast-page-background-meta":{"desktop":{"background-color":"var(--ast-global-color-4)","background-image":"","background-repeat":"repeat","background-position":"center center","background-size":"auto","background-attachment":"scroll","background-type":"","background-media":"","overlay-type":"","overlay-color":"","overlay-opacity":"","overlay-gradient":""},"tablet":{"background-color":"","background-image":"","background-repeat":"repeat","background-position":"center center","background-size":"auto","background-attachment":"scroll","background-type":"","background-media":"","overlay-type":"","overlay-color":"","overlay-opacity":"","overlay-gradient":""},"mobile":{"background-color":"","background-image":"","background-repeat":"repeat","background-position":"center center","background-size":"auto","background-attachment":"scroll","background-type":"","background-media":"","overlay-type":"","overlay-color":"","overlay-opacity":"","overlay-gradient":""}},"ast-content-background-meta":{"desktop":{"background-color":"var(--ast-global-color-5)","background-image":"","background-repeat":"repeat","background-position":"center center","background-size":"auto","background-attachment":"scroll","background-type":"","background-media":"","overlay-type":"","overlay-color":"","overlay-opacity":"","overlay-gradient":""},"tablet":{"background-color":"var(--ast-global-color-5)","background-image":"","background-repeat":"repeat","background-position":"center center","background-size":"auto","background-attachment":"scroll","background-type":"","background-media":"","overlay-type":"","overlay-color":"","overlay-opacity":"","overlay-gradient":""},"mobile":{"background-color":"var(--ast-global-color-5)","background-image":"","background-repeat":"repeat","background-position":"center center","background-size":"auto","background-attachment":"scroll","background-type":"","background-media":"","overlay-type":"","overlay-color":"","overlay-opacity":"","overlay-gradient":""}},"footnotes":""},"aioseo_notices":[],"uagb_featured_image_src":{"full":false,"thumbnail":false,"medium":false,"medium_large":false,"large":false,"1536x1536":false,"2048x2048":false,"trp-custom-language-flag":false},"uagb_author_info":{"display_name":"mr.phoenix1984@gmail.com","author_link":"https:\/\/sugar-aesthetics.com\/hu\/author\/mr-phoenix1984gmail-com\/"},"uagb_comment_info":0,"uagb_excerpt":"LIP AUGMENATION PROCEDURE&nbsp; Lip augmentation with Relife products. Lip augmentation is an in-office cosmetic procedure that creates fuller, more youthful-looking lips. There are different types of lip augmentation to fit your needs and goals. Some procedures are nonsurgical, using fillers to plump up the lips temporarily. Lip fillers aren\u2019t permanent. They slowly wear away over&hellip;","_links":{"self":[{"href":"https:\/\/sugar-aesthetics.com\/hu\/wp-json\/wp\/v2\/pages\/1874"}],"collection":[{"href":"https:\/\/sugar-aesthetics.com\/hu\/wp-json\/wp\/v2\/pages"}],"about":[{"href":"https:\/\/sugar-aesthetics.com\/hu\/wp-json\/wp\/v2\/types\/page"}],"author":[{"embeddable":true,"href":"https:\/\/sugar-aesthetics.com\/hu\/wp-json\/wp\/v2\/users\/1"}],"replies":[{"embeddable":true,"href":"https:\/\/sugar-aesthetics.com\/hu\/wp-json\/wp\/v2\/comments?post=1874"}],"version-history":[{"count":12,"href":"https:\/\/sugar-aesthetics.com\/hu\/wp-json\/wp\/v2\/pages\/1874\/revisions"}],"predecessor-version":[{"id":2083,"href":"https:\/\/sugar-aesthetics.com\/hu\/wp-json\/wp\/v2\/pages\/1874\/revisions\/2083"}],"wp:attachment":[{"href":"https:\/\/sugar-aesthetics.com\/hu\/wp-json\/wp\/v2\/media?parent=1874"}],"curies":[{"name":"wp","href":"https:\/\/api.w.org\/{rel}","templated":true}]}}