{"id":1839,"date":"2024-07-14T09:04:27","date_gmt":"2024-07-14T09:04:27","guid":{"rendered":"https:\/\/sugar-aesthetics.com\/?page_id=1839"},"modified":"2024-12-01T07:29:38","modified_gmt":"2024-12-01T07:29:38","slug":"1839-2","status":"publish","type":"page","link":"https:\/\/sugar-aesthetics.com\/hu\/1839-2\/","title":{"rendered":"R\u00e1nctalan\u00edt\u00f3 injekci\u00f3k"},"content":{"rendered":"<p><\/p>\n\n\n\n<div class=\"wp-block-uagb-container uagb-block-b0srsamp alignfull uagb-is-root-container\"><div class=\"uagb-container-inner-blocks-wrap\">\n<div class=\"wp-block-uagb-info-box uagb-block-jpaoiqry uagb-infobox__content-wrap  uagb-infobox-icon-above-title uagb-infobox-image-valign-top wp-block-uagb-info-box--has-margin\"><div class=\"uagb-infobox-margin-wrapper\"><div class=\"uagb-ifb-content\"><div class=\"uagb-ifb-title-wrap\"><h1 class=\"uagb-ifb-title\">R\u00e1nctalan\u00edt\u00f3 injekci\u00f3k<\/h1><\/div><\/div><\/div><\/div>\n<\/div><\/div>\n\n\n\n<div class=\"wp-block-uagb-container uagb-block-lbqzhfmh alignfull uagb-is-root-container\"><div class=\"uagb-container-inner-blocks-wrap\">\n<div class=\"wp-block-uagb-container uagb-block-y20mpdoy\">\n<div class=\"wp-block-uagb-info-box uagb-block-3puajqgc uagb-infobox__content-wrap  uagb-infobox-icon-above-title uagb-infobox-image-valign-top wp-block-uagb-info-box--has-margin\"><div class=\"uagb-infobox-margin-wrapper\"><div class=\"uagb-ifb-content\"><div class=\"uagb-ifb-title-wrap\"><\/div><p class=\"uagb-ifb-desc\">A r\u00e1ncok term\u00e9szetesen a korral \u00e9s a k\u00f6rnyezeti hat\u00e1soknak val\u00f3 kitetts\u00e9ggel\nalakulnak ki. A <strong>Botox <\/strong>r\u00e1nctalan\u00edt\u00f3 injekci\u00f3k hat\u00e9konyan cs\u00f6kkentik \u00e9s kisim\u00edtj\u00e1k az\narcvonalakat az\u00e1ltal, hogy \u00e1tmenetileg blokkolj\u00e1k a r\u00e1ncokat okoz\u00f3 izmok\nidegimpulzusait. Ez a biztons\u00e1gos kezel\u00e9s ellaz\u00edtja az arcizmokat, megakad\u00e1lyozva a\nfinom r\u00e1ncok elm\u00e9ly\u00fcl\u00e9s\u00e9t. Az eredm\u00e9ny l\u00e1gyabb, fiatalosabb \u00e9s megfiatal\u00edtott\nmegjelen\u00e9s, amely seg\u00edt meg\u0151rizni fiatalos megjelen\u00e9s\u00e9t.<\/p><\/div><\/div><\/div>\n\n\n\n<div class=\"wp-block-uagb-image alignleft uagb-block-lddbgsn5 wp-block-uagb-image--layout-default wp-block-uagb-image--effect-static wp-block-uagb-image--align-left\"><figure class=\"wp-block-uagb-image__figure\"><img decoding=\"async\" srcset=\"https:\/\/sugar-aesthetics.com\/wp-content\/uploads\/2024\/07\/Untitled-1-4.jpg ,https:\/\/sugar-aesthetics.com\/wp-content\/uploads\/2024\/07\/Untitled-1-4.jpg 780w, https:\/\/sugar-aesthetics.com\/wp-content\/uploads\/2024\/07\/Untitled-1-4.jpg 360w\" sizes=\"(max-width: 480px) 150px\" src=\"https:\/\/sugar-aesthetics.com\/wp-content\/uploads\/2024\/07\/Untitled-1-4.jpg\" alt=\"\" class=\"uag-image-1857\" width=\"564\" height=\"376\" title=\"Untitled-1 (4)\" loading=\"lazy\" role=\"img\"\/><\/figure><\/div>\n\n\n\n<div class=\"wp-block-uagb-info-box uagb-block-reebbjbl uagb-infobox__content-wrap  uagb-infobox-icon-above-title uagb-infobox-image-valign-top\"><div class=\"uagb-ifb-content\"><div class=\"uagb-ifb-title-wrap\"><\/div><p class=\"uagb-ifb-desc\">A botulinum toxin injekci\u00f3knak vannak ellenjavallatai, mint p\u00e9ld\u00e1ul a BoNT-A term\u00e9kekre adott kor\u00e1bbi allergi\u00e1s reakci\u00f3, v\u00e9rz\u00e9si rendelleness\u00e9gek \u00e9s a neuromuszkul\u00e1ris \u00e1tvitelt befoly\u00e1sol\u00f3 gy\u00f3gyszerek egy\u00fcttes alkalmaz\u00e1sa. Amennyiben k\u00e9ts\u00e9gei vannak, k\u00e9rem, ne habozzon kapcsolatba l\u00e9pni velem, hogy elv\u00e9gezhess\u00fck a kezel\u00e9si terv kock\u00e1zat\/haszon felm\u00e9r\u00e9s\u00e9t.<\/p><\/div><\/div>\n\n\n\n<div class=\"wp-block-uagb-image alignleft uagb-block-2113861a wp-block-uagb-image--layout-default wp-block-uagb-image--effect-static wp-block-uagb-image--align-left\"><figure class=\"wp-block-uagb-image__figure\"><img decoding=\"async\" srcset=\"https:\/\/sugar-aesthetics.com\/wp-content\/uploads\/2024\/11\/AdobeStock_631328107-1024x682.jpg ,https:\/\/sugar-aesthetics.com\/wp-content\/uploads\/2024\/11\/AdobeStock_631328107.jpg 780w, https:\/\/sugar-aesthetics.com\/wp-content\/uploads\/2024\/11\/AdobeStock_631328107.jpg 360w\" sizes=\"(max-width: 480px) 150px\" src=\"https:\/\/sugar-aesthetics.com\/wp-content\/uploads\/2024\/11\/AdobeStock_631328107-1024x682.jpg\" alt=\"\" class=\"uag-image-1975\" width=\"564\" height=\"376\" title=\"AdobeStock_631328107\" loading=\"lazy\" role=\"img\"\/><\/figure><\/div>\n<\/div>\n\n\n\n<div class=\"wp-block-uagb-container uagb-block-wbptw3rd\">\n<div class=\"wp-block-uagb-image alignleft uagb-block-mprn0hsx wp-block-uagb-image--layout-default wp-block-uagb-image--effect-static wp-block-uagb-image--align-left\"><figure class=\"wp-block-uagb-image__figure\"><img decoding=\"async\" srcset=\"https:\/\/sugar-aesthetics.com\/wp-content\/uploads\/2024\/07\/Untitled-1-3.jpg ,https:\/\/sugar-aesthetics.com\/wp-content\/uploads\/2024\/07\/Untitled-1-3.jpg 780w, https:\/\/sugar-aesthetics.com\/wp-content\/uploads\/2024\/07\/Untitled-1-3.jpg 360w\" sizes=\"(max-width: 480px) 150px\" src=\"https:\/\/sugar-aesthetics.com\/wp-content\/uploads\/2024\/07\/Untitled-1-3.jpg\" alt=\"\" class=\"uag-image-1855\" width=\"564\" height=\"376\" title=\"Untitled-1 (3)\" loading=\"lazy\" role=\"img\"\/><\/figure><\/div>\n\n\n\n<div class=\"wp-block-uagb-info-box uagb-block-mdf9wrnb uagb-infobox__content-wrap  uagb-infobox-icon-above-title uagb-infobox-image-valign-top wp-block-uagb-info-box--has-margin\"><div class=\"uagb-infobox-margin-wrapper\"><div class=\"uagb-ifb-content\"><div class=\"uagb-ifb-title-wrap\"><\/div><p class=\"uagb-ifb-desc\">Az eredm\u00e9nyek k\u00f6r\u00fclbel\u00fcl 3-4 h\u00f3napig tartanak, \u00e9s a r\u00e1nctalan\u00edt\u00f3 injekci\u00f3s kezel\u00e9sek els\u0151 \u00e9v\u00e9ben k\u00f6r\u00fclbel\u00fcl 2-3 alkalommal lehet sz\u00fcks\u00e9g a kezel\u00e9sre. Mindig fontos, hogy k\u00e9rje ki eszt\u00e9tikai orvos\u00e1nak tan\u00e1cs\u00e1t az optim\u00e1lis eredm\u00e9ny el\u00e9r\u00e9s\u00e9hez sz\u00fcks\u00e9ges kezel\u00e9sek sz\u00e1m\u00e1t illet\u0151en.<\/p><\/div><\/div><\/div>\n\n\n\n<div class=\"wp-block-uagb-image alignleft uagb-block-d5736e8b wp-block-uagb-image--layout-default wp-block-uagb-image--effect-static wp-block-uagb-image--align-left\"><figure class=\"wp-block-uagb-image__figure\"><img decoding=\"async\" srcset=\"https:\/\/sugar-aesthetics.com\/wp-content\/uploads\/2024\/08\/smile-1024x683.jpg ,https:\/\/sugar-aesthetics.com\/wp-content\/uploads\/2024\/08\/smile-scaled.jpg 780w, https:\/\/sugar-aesthetics.com\/wp-content\/uploads\/2024\/08\/smile-scaled.jpg 360w\" sizes=\"(max-width: 480px) 150px\" src=\"https:\/\/sugar-aesthetics.com\/wp-content\/uploads\/2024\/08\/smile-1024x683.jpg\" alt=\"\" class=\"uag-image-1900\" width=\"564\" height=\"376\" title=\"smile\" loading=\"lazy\" role=\"img\"\/><\/figure><\/div>\n\n\n\n<div class=\"wp-block-uagb-info-box uagb-block-de282977 uagb-infobox__content-wrap  uagb-infobox-icon-above-title uagb-infobox-image-valign-top wp-block-uagb-info-box--has-margin\"><div class=\"uagb-infobox-margin-wrapper\"><div class=\"uagb-ifb-content\"><div class=\"uagb-ifb-title-wrap\"><h3 class=\"uagb-ifb-title\">Bruxizmus \/ fogcsikorgat\u00e1s<\/h3><\/div><p class=\"uagb-ifb-desc\">A bruxizmus, vagyis a fogcsikorgat\u00e1s fejf\u00e1j\u00e1shoz, \u00e1llkapocsf\u00e1jdalomhoz \u00e9s kopott fogakhoz vezethet. Botox-kezel\u00e9s\u00fcnk hat\u00e9konyan ellaz\u00edtja az \u00e1llkapocsizmokat, cs\u00f6kkentve ezzel a fogcsikorgat\u00e1st \u00e9s a szor\u00edt\u00e1st. Ez a nem invaz\u00edv elj\u00e1r\u00e1s enyh\u00fcl\u00e9st ny\u00fajt, \u00e9s megv\u00e9di fogait a tov\u00e1bbi k\u00e1rosod\u00e1st\u00f3l, \u00edgy \u00d6n f\u00e1jdalommentes, eg\u00e9szs\u00e9ges mosolyt \u00e9lvezhet. Fedezze fel az el\u0151ny\u00f6ket m\u00e9g ma!<\/p><\/div><\/div><\/div>\n<\/div>\n<\/div><\/div>\n\n\n\n<div class=\"wp-block-uagb-info-box uagb-block-320f5c8b uagb-infobox__content-wrap  uagb-infobox-icon-above-title uagb-infobox-image-valign-top\"><div class=\"uagb-ifb-content\"><div class=\"uagb-ifb-title-wrap\"><h3 class=\"uagb-ifb-title\"> Platysma szalag \/ nyakkezel\u00e9s<\/h3><\/div><p class=\"uagb-ifb-desc\">\u00c9rjen el sim\u00e1bb, fiatalosabb nyakat a Platysma Band\/ nyakkezel\u00e9s\u00fcnkkel. A Botox\nellaz\u00edtja a nyak izmait, cs\u00f6kkenti a f\u00fcgg\u0151leges s\u00e1vok megjelen\u00e9s\u00e9t \u00e9s megemeli az\n\u00e1llkapocs vonal\u00e1t. Ez a nem invaz\u00edv elj\u00e1r\u00e1s kiemeli term\u00e9szetes kont\u00farjait, kifinomult,\neleg\u00e1ns megjelen\u00e9st biztos\u00edt minim\u00e1lis \u00e1ll\u00e1sid\u0151vel. Fedezze fel megfiatalodott nyak\u00e1t\nm\u00e9g ma!<\/p><\/div><\/div>\n\n\n\n<div class=\"wp-block-uagb-info-box uagb-block-00d8fe13 uagb-infobox__content-wrap  uagb-infobox-icon-above-title uagb-infobox-image-valign-top hide_en\"><div class=\"uagb-ifb-content\"><div class=\"uagb-ifb-title-wrap\"><h2 class=\"uagb-ifb-title\">\u00c1rak Konzultaci\u00f3\u00a0Ut\u00e1n<\/h2><\/div><\/div><\/div>\n\n\n\n<div class=\"wp-block-uagb-container uagb-block-1adfeab5 alignfull uagb-is-root-container\"><div class=\"uagb-container-inner-blocks-wrap\"><\/div><\/div>\n\n\n\n<div class=\"wp-block-uagb-container hide_hu uagb-block-oeswaqdl alignfull uagb-is-root-container\"><div class=\"uagb-container-inner-blocks-wrap\">\n<div class=\"wp-block-uagb-container uagb-block-6cr2pz64\">\n<div class=\"wp-block-uagb-info-box uagb-block-xbjnvmhy uagb-infobox__content-wrap  uagb-infobox-icon-above-title uagb-infobox-image-valign-top\"><div class=\"uagb-ifb-content\"><div class=\"uagb-ifb-title-wrap\"><h2 class=\"uagb-ifb-title\">\u00c1rak<\/h2><\/div><\/div><\/div>\n<\/div>\n\n\n\n<div class=\"wp-block-uagb-container uagb-block-gqgt3jqd\">\n<div class=\"wp-block-uagb-info-box uagb-block-tauworcl uagb-infobox__content-wrap  uagb-infobox-icon-above-title uagb-infobox-image-valign-top\"><div class=\"uagb-ifb-content\"><div class=\"uagb-ifb-title-wrap\"><h3 class=\"uagb-ifb-title\"><strong>1 Area: \u00a3195<\/strong><\/h3><\/div><p class=\"uagb-ifb-desc\">K\u00f6r\u00fclbel\u00fcl 15 perc kezel\u00e9si id\u0151&nbsp;<\/p><\/div><\/div>\n\n\n\n<div class=\"wp-block-uagb-info-box uagb-block-4ubkqcl9 uagb-infobox__content-wrap  uagb-infobox-icon-above-title uagb-infobox-image-valign-top\"><div class=\"uagb-ifb-content\"><div class=\"uagb-ifb-title-wrap\"><h3 class=\"uagb-ifb-title\"><strong>2 Area: \u00a3245<\/strong><\/h3><\/div><p class=\"uagb-ifb-desc\">K\u00f6r\u00fclbel\u00fcl 20 perc kezel\u00e9si id\u0151&nbsp;<\/p><\/div><\/div>\n\n\n\n<div class=\"wp-block-uagb-info-box uagb-block-u16rks8d uagb-infobox__content-wrap  uagb-infobox-icon-above-title uagb-infobox-image-valign-top\"><div class=\"uagb-ifb-content\"><div class=\"uagb-ifb-title-wrap\"><h3 class=\"uagb-ifb-title\"><strong>3 Area: \u00a3295<\/strong><\/h3><\/div><p class=\"uagb-ifb-desc\">K\u00f6r\u00fclbel\u00fcl 30 perc kezel\u00e9si id\u0151<\/p><\/div><\/div>\n<\/div>\n\n\n\n<div class=\"wp-block-uagb-container uagb-block-3986b07e\">\n<div class=\"wp-block-uagb-info-box uagb-block-053f1e02 uagb-infobox__content-wrap  uagb-infobox-icon-above-title uagb-infobox-image-valign-top\"><div class=\"uagb-ifb-content\"><div class=\"uagb-ifb-title-wrap\"><h3 class=\"uagb-ifb-title\"><strong>Platysma band \/ Nefertiti neck treatment: \u00a3295<\/strong><\/h3><\/div><p class=\"uagb-ifb-desc\">K\u00f6r\u00fclbel\u00fcl 30 perc kezel\u00e9si id\u0151&nbsp;<\/p><\/div><\/div>\n\n\n\n<div class=\"wp-block-uagb-info-box uagb-block-8aa1638f uagb-infobox__content-wrap  uagb-infobox-icon-above-title uagb-infobox-image-valign-top\"><div class=\"uagb-ifb-content\"><div class=\"uagb-ifb-title-wrap\"><h3 class=\"uagb-ifb-title\"><strong>Bruxism \/ Grinding of the teeth: \u00a3195<\/strong><\/h3><\/div><p class=\"uagb-ifb-desc\">K\u00f6r\u00fclbel\u00fcl 30 perc kezel\u00e9si id\u0151&nbsp;<\/p><\/div><\/div>\n\n\n\n<div class=\"wp-block-uagb-info-box uagb-block-4763120c uagb-infobox__content-wrap  uagb-infobox-icon-above-title uagb-infobox-image-valign-top\"><div class=\"uagb-ifb-content\"><div class=\"uagb-ifb-title-wrap\"><\/div><\/div><\/div>\n<\/div>\n<\/div><\/div>\n\n\n\n<div class=\"wp-block-uagb-container uagb-block-wtwmwyg9 alignfull uagb-is-root-container\">\n<div class=\"wp-block-uagb-info-box uagb-block-mwbxwbag uagb-infobox__content-wrap  uagb-infobox-icon-above-title uagb-infobox-image-valign-top\"><div class=\"uagb-ifb-content\"><div class=\"uagb-ifb-title-wrap\"><h2 class=\"uagb-ifb-title\">Alkossunk egy\u00fctt<\/h2><\/div><div class=\"uagb-ifb-button-wrapper wp-block-button\"><a href=\"https:\/\/sugar-aesthetics.com\/hu\/book-an-appointment\/\" class=\"uagb-infobox-cta-link wp-block-button__link\" target=\"_self\" rel=\"noopener noreferrer\" onclick=\"return true;\"><span class=\"uagb-inline-editing\">Kezdje el<\/span><svg xmlns=\"https:\/\/www.w3.org\/2000\/svg\" viewbox=\"0 0 512 512\"><path d=\"M504.3 273.6l-112.1 104c-6.992 6.484-17.18 8.218-25.94 4.406c-8.758-3.812-14.42-12.45-14.42-21.1L351.9 288H32C14.33 288 .0002 273.7 .0002 255.1S14.33 224 32 224h319.9l0-72c0-9.547 5.66-18.19 14.42-22c8.754-3.809 18.95-2.075 25.94 4.41l112.1 104C514.6 247.9 514.6 264.1 504.3 273.6z\"><\/path><\/svg><\/a><\/div><\/div><\/div>\n<\/div>","protected":false},"excerpt":{"rendered":"","protected":false},"author":1,"featured_media":0,"parent":0,"menu_order":0,"comment_status":"closed","ping_status":"closed","template":"","meta":{"_uag_custom_page_level_css":"","site-sidebar-layout":"default","site-content-layout":"","ast-site-content-layout":"default","site-content-style":"default","site-sidebar-style":"default","ast-global-header-display":"","ast-banner-title-visibility":"","ast-main-header-display":"","ast-hfb-above-header-display":"","ast-hfb-below-header-display":"","ast-hfb-mobile-header-display":"","site-post-title":"disabled","ast-breadcrumbs-content":"","ast-featured-img":"","footer-sml-layout":"","theme-transparent-header-meta":"","adv-header-id-meta":"","stick-header-meta":"","header-above-stick-meta":"","header-main-stick-meta":"","header-below-stick-meta":"","astra-migrate-meta-layouts":"set","ast-page-background-enabled":"default","ast-page-background-meta":{"desktop":{"background-color":"var(--ast-global-color-4)","background-image":"","background-repeat":"repeat","background-position":"center center","background-size":"auto","background-attachment":"scroll","background-type":"","background-media":"","overlay-type":"","overlay-color":"","overlay-opacity":"","overlay-gradient":""},"tablet":{"background-color":"","background-image":"","background-repeat":"repeat","background-position":"center center","background-size":"auto","background-attachment":"scroll","background-type":"","background-media":"","overlay-type":"","overlay-color":"","overlay-opacity":"","overlay-gradient":""},"mobile":{"background-color":"","background-image":"","background-repeat":"repeat","background-position":"center center","background-size":"auto","background-attachment":"scroll","background-type":"","background-media":"","overlay-type":"","overlay-color":"","overlay-opacity":"","overlay-gradient":""}},"ast-content-background-meta":{"desktop":{"background-color":"var(--ast-global-color-5)","background-image":"","background-repeat":"repeat","background-position":"center center","background-size":"auto","background-attachment":"scroll","background-type":"","background-media":"","overlay-type":"","overlay-color":"","overlay-opacity":"","overlay-gradient":""},"tablet":{"background-color":"var(--ast-global-color-5)","background-image":"","background-repeat":"repeat","background-position":"center center","background-size":"auto","background-attachment":"scroll","background-type":"","background-media":"","overlay-type":"","overlay-color":"","overlay-opacity":"","overlay-gradient":""},"mobile":{"background-color":"var(--ast-global-color-5)","background-image":"","background-repeat":"repeat","background-position":"center center","background-size":"auto","background-attachment":"scroll","background-type":"","background-media":"","overlay-type":"","overlay-color":"","overlay-opacity":"","overlay-gradient":""}},"footnotes":""},"aioseo_notices":[],"uagb_featured_image_src":{"full":false,"thumbnail":false,"medium":false,"medium_large":false,"large":false,"1536x1536":false,"2048x2048":false,"trp-custom-language-flag":false},"uagb_author_info":{"display_name":"mr.phoenix1984@gmail.com","author_link":"https:\/\/sugar-aesthetics.com\/hu\/author\/mr-phoenix1984gmail-com\/"},"uagb_comment_info":0,"uagb_excerpt":null,"_links":{"self":[{"href":"https:\/\/sugar-aesthetics.com\/hu\/wp-json\/wp\/v2\/pages\/1839"}],"collection":[{"href":"https:\/\/sugar-aesthetics.com\/hu\/wp-json\/wp\/v2\/pages"}],"about":[{"href":"https:\/\/sugar-aesthetics.com\/hu\/wp-json\/wp\/v2\/types\/page"}],"author":[{"embeddable":true,"href":"https:\/\/sugar-aesthetics.com\/hu\/wp-json\/wp\/v2\/users\/1"}],"replies":[{"embeddable":true,"href":"https:\/\/sugar-aesthetics.com\/hu\/wp-json\/wp\/v2\/comments?post=1839"}],"version-history":[{"count":19,"href":"https:\/\/sugar-aesthetics.com\/hu\/wp-json\/wp\/v2\/pages\/1839\/revisions"}],"predecessor-version":[{"id":2082,"href":"https:\/\/sugar-aesthetics.com\/hu\/wp-json\/wp\/v2\/pages\/1839\/revisions\/2082"}],"wp:attachment":[{"href":"https:\/\/sugar-aesthetics.com\/hu\/wp-json\/wp\/v2\/media?parent=1839"}],"curies":[{"name":"wp","href":"https:\/\/api.w.org\/{rel}","templated":true}]}}